{"id":4522,"date":"2024-02-05T00:04:24","date_gmt":"2024-02-04T23:04:24","guid":{"rendered":"https:\/\/www.samiez.de\/?page_id=4522"},"modified":"2025-04-28T10:22:16","modified_gmt":"2025-04-28T08:22:16","slug":"fassadengeruest-mieten","status":"publish","type":"page","link":"https:\/\/www.samiez.de\/geruestbau\/fassadengeruest-mieten\/","title":{"rendered":"Fassadenger\u00fcst"},"content":{"rendered":"\t\t<div data-elementor-type=\"wp-page\" data-elementor-id=\"4522\" class=\"elementor elementor-4522\" data-elementor-post-type=\"page\">\n\t\t\t\t<div class=\"elementor-element elementor-element-404f301 e-flex e-con-boxed e-con e-parent\" data-id=\"404f301\" data-element_type=\"container\" data-e-type=\"container\" data-settings=\"{&quot;background_background&quot;:&quot;classic&quot;}\">\n\t\t\t\t\t<div class=\"e-con-inner\">\n\t\t<div class=\"elementor-element elementor-element-0402cb4 e-con-full e-flex e-con e-child\" data-id=\"0402cb4\" data-element_type=\"container\" data-e-type=\"container\">\n\t\t\t\t<div class=\"elementor-element elementor-element-120b4ca elementor-widget__width-initial elementor-widget elementor-widget-spacer\" data-id=\"120b4ca\" data-element_type=\"widget\" data-e-type=\"widget\" data-widget_type=\"spacer.default\">\n\t\t\t\t\t\t\t<div class=\"elementor-spacer\">\n\t\t\t<div class=\"elementor-spacer-inner\"><\/div>\n\t\t<\/div>\n\t\t\t\t\t\t<\/div>\n\t\t\t\t<div class=\"elementor-element elementor-element-423a18a elementor-widget elementor-widget-heading\" data-id=\"423a18a\" data-element_type=\"widget\" data-e-type=\"widget\" data-widget_type=\"heading.default\">\n\t\t\t\t\t<h3 class=\"elementor-heading-title elementor-size-default\">Fassadenger\u00fcst<\/h3>\t\t\t\t<\/div>\n\t\t\t\t<div class=\"elementor-element elementor-element-8be9fdb elementor-widget__width-initial elementor-widget elementor-widget-heading\" data-id=\"8be9fdb\" data-element_type=\"widget\" data-e-type=\"widget\" data-widget_type=\"heading.default\">\n\t\t\t\t\t<h1 class=\"elementor-heading-title elementor-size-default\"><b>Fassadenger\u00fcst mieten<\/b> \u2013 flexibel, sicher &amp; sofort verf\u00fcgbar<\/h1>\t\t\t\t<\/div>\n\t\t\t\t<div class=\"elementor-element elementor-element-991a5ea elementor-widget__width-initial elementor-widget elementor-widget-text-editor\" data-id=\"991a5ea\" data-element_type=\"widget\" data-e-type=\"widget\" data-widget_type=\"text-editor.default\">\n\t\t\t\t\t\t\t\t\t<p>Im Ger\u00fcstbau ist die Welt der Fassadenger\u00fcste so vielf\u00e4ltig wie die Geb\u00e4ude, die sie umgeben. <strong data-start=\"240\" data-end=\"260\">Samiez Ger\u00fcstbau<\/strong> bietet Ihnen eine breite Auswahl an Fassadenger\u00fcsten in <strong data-start=\"317\" data-end=\"329\">Hannover<\/strong>, die Sie schnell und flexibel mieten k\u00f6nnen.<\/p>\t\t\t\t\t\t\t\t<\/div>\n\t\t\t\t<div class=\"elementor-element elementor-element-8d19ad3 elementor-widget__width-initial elementor-widget elementor-widget-button\" data-id=\"8d19ad3\" data-element_type=\"widget\" data-e-type=\"widget\" data-widget_type=\"button.default\">\n\t\t\t\t\t\t\t\t\t\t<a class=\"elementor-button elementor-button-link elementor-size-sm\" href=\"\/kontakt\">\n\t\t\t\t\t\t<span class=\"elementor-button-content-wrapper\">\n\t\t\t\t\t\t\t\t\t<span class=\"elementor-button-text\">Jetzt anfragen!<\/span>\n\t\t\t\t\t<\/span>\n\t\t\t\t\t<\/a>\n\t\t\t\t\t\t\t\t<\/div>\n\t\t\t\t<\/div>\n\t\t\t\t\t<\/div>\n\t\t\t\t<\/div>\n\t\t<div class=\"elementor-element elementor-element-41bea67 e-con-full e-flex e-con e-parent\" data-id=\"41bea67\" data-element_type=\"container\" data-e-type=\"container\">\n\t\t\t\t<div class=\"elementor-element elementor-element-eee2120 elementor-widget-tablet__width-initial elementor-widget elementor-widget-shortcode\" data-id=\"eee2120\" data-element_type=\"widget\" data-e-type=\"widget\" data-widget_type=\"shortcode.default\">\n\t\t\t\t\t\t\t<div class=\"elementor-shortcode\">\t\t<div data-elementor-type=\"container\" data-elementor-id=\"7187\" class=\"elementor elementor-7187\" data-elementor-post-type=\"elementor_library\">\n\t\t\t\t<div class=\"elementor-element elementor-element-2e711f4b e-con-full e-flex e-con e-parent\" data-id=\"2e711f4b\" data-element_type=\"container\" data-e-type=\"container\" data-settings=\"{&quot;background_background&quot;:&quot;gradient&quot;}\">\n\t\t<div class=\"elementor-element elementor-element-6c52b8de e-con-full e-flex e-con e-child\" data-id=\"6c52b8de\" data-element_type=\"container\" data-e-type=\"container\">\n\t\t\t\t<div class=\"elementor-element elementor-element-4175f201 elementor-view-framed elementor-shape-square elementor-position-inline-start elementor-mobile-position-inline-start elementor-tablet-position-block-start elementor-widget__width-initial elementor-widget-tablet__width-initial elementor-widget elementor-widget-icon-box\" data-id=\"4175f201\" data-element_type=\"widget\" data-e-type=\"widget\" data-widget_type=\"icon-box.default\">\n\t\t\t\t\t\t\t<div class=\"elementor-icon-box-wrapper\">\n\n\t\t\t\t\t\t<div class=\"elementor-icon-box-icon\">\n\t\t\t\t<a href=\"mailto:info@samiez.de\" class=\"elementor-icon\" tabindex=\"-1\" aria-label=\"Email\">\n\t\t\t\t<i aria-hidden=\"true\" class=\"fas fa-envelope\"><\/i>\t\t\t\t<\/a>\n\t\t\t<\/div>\n\t\t\t\n\t\t\t\t\t\t<div class=\"elementor-icon-box-content\">\n\n\t\t\t\t\t\t\t\t\t<div class=\"elementor-icon-box-title\">\n\t\t\t\t\t\t<a href=\"mailto:info@samiez.de\" >\n\t\t\t\t\t\t\tEmail\t\t\t\t\t\t<\/a>\n\t\t\t\t\t<\/div>\n\t\t\t\t\n\t\t\t\t\t\t\t\t\t<p class=\"elementor-icon-box-description\">\n\t\t\t\t\t\tinfo@samiez.de\t\t\t\t\t<\/p>\n\t\t\t\t\n\t\t\t<\/div>\n\t\t\t\n\t\t<\/div>\n\t\t\t\t\t\t<\/div>\n\t\t\t\t<div class=\"elementor-element elementor-element-7612a77 elementor-view-framed elementor-shape-square elementor-position-inline-start elementor-mobile-position-inline-start elementor-tablet-position-block-start elementor-widget__width-initial elementor-widget-tablet__width-initial elementor-widget elementor-widget-icon-box\" data-id=\"7612a77\" data-element_type=\"widget\" data-e-type=\"widget\" data-widget_type=\"icon-box.default\">\n\t\t\t\t\t\t\t<div class=\"elementor-icon-box-wrapper\">\n\n\t\t\t\t\t\t<div class=\"elementor-icon-box-icon\">\n\t\t\t\t<a href=\"tel:0049511774414\" class=\"elementor-icon\" tabindex=\"-1\" aria-label=\"Anrufen\">\n\t\t\t\t<i aria-hidden=\"true\" class=\"fas fa-phone-square-alt\"><\/i>\t\t\t\t<\/a>\n\t\t\t<\/div>\n\t\t\t\n\t\t\t\t\t\t<div class=\"elementor-icon-box-content\">\n\n\t\t\t\t\t\t\t\t\t<div class=\"elementor-icon-box-title\">\n\t\t\t\t\t\t<a href=\"tel:0049511774414\" >\n\t\t\t\t\t\t\tAnrufen\t\t\t\t\t\t<\/a>\n\t\t\t\t\t<\/div>\n\t\t\t\t\n\t\t\t\t\t\t\t\t\t<p class=\"elementor-icon-box-description\">\n\t\t\t\t\t\t+49 511 77 44 14\t\t\t\t\t<\/p>\n\t\t\t\t\n\t\t\t<\/div>\n\t\t\t\n\t\t<\/div>\n\t\t\t\t\t\t<\/div>\n\t\t\t\t<div class=\"elementor-element elementor-element-2ea2fbfc elementor-view-framed elementor-shape-square elementor-position-inline-start elementor-mobile-position-inline-start elementor-tablet-position-block-start elementor-widget__width-initial elementor-widget-tablet__width-initial elementor-widget elementor-widget-icon-box\" data-id=\"2ea2fbfc\" data-element_type=\"widget\" data-e-type=\"widget\" data-widget_type=\"icon-box.default\">\n\t\t\t\t\t\t\t<div class=\"elementor-icon-box-wrapper\">\n\n\t\t\t\t\t\t<div class=\"elementor-icon-box-icon\">\n\t\t\t\t<a href=\"https:\/\/maps.app.goo.gl\/R5ozTnJyJJwgbfdF6\" class=\"elementor-icon\" tabindex=\"-1\" aria-label=\"OFFICE \/ HAUPTLAGER\" rel=\"nofollow noopener\" target=\"_blank\">\n\t\t\t\t<i aria-hidden=\"true\" class=\"fas fa-phone-square-alt\"><\/i>\t\t\t\t<\/a>\n\t\t\t<\/div>\n\t\t\t\n\t\t\t\t\t\t<div class=\"elementor-icon-box-content\">\n\n\t\t\t\t\t\t\t\t\t<div class=\"elementor-icon-box-title\">\n\t\t\t\t\t\t<a href=\"https:\/\/maps.app.goo.gl\/R5ozTnJyJJwgbfdF6\" rel=\"nofollow noopener\" target=\"_blank\">\n\t\t\t\t\t\t\tOFFICE \/ HAUPTLAGER\t\t\t\t\t\t<\/a>\n\t\t\t\t\t<\/div>\n\t\t\t\t\n\t\t\t\t\t\t\t\t\t<p class=\"elementor-icon-box-description\">\n\t\t\t\t\t\tBarbarastr. 12, 30952 Ronnenberg bei Hannover\t\t\t\t\t<\/p>\n\t\t\t\t\n\t\t\t<\/div>\n\t\t\t\n\t\t<\/div>\n\t\t\t\t\t\t<\/div>\n\t\t\t\t<\/div>\n\t\t\t\t<\/div>\n\t\t\t\t<\/div>\n\t\t<\/div>\n\t\t\t\t\t\t<\/div>\n\t\t\t\t<\/div>\n\t\t<div class=\"elementor-element elementor-element-9743780 e-flex e-con-boxed e-con e-parent\" data-id=\"9743780\" data-element_type=\"container\" data-e-type=\"container\">\n\t\t\t\t\t<div class=\"e-con-inner\">\n\t\t<div class=\"elementor-element elementor-element-15336db e-con-full e-flex e-con e-child\" data-id=\"15336db\" data-element_type=\"container\" data-e-type=\"container\" data-settings=\"{&quot;background_background&quot;:&quot;classic&quot;}\">\n\t\t\t\t<div class=\"elementor-element elementor-element-ed1400e elementor-widget elementor-widget-image\" data-id=\"ed1400e\" data-element_type=\"widget\" data-e-type=\"widget\" data-widget_type=\"image.default\">\n\t\t\t\t\t\t\t\t\t\t\t\t\t\t\t<img fetchpriority=\"high\" decoding=\"async\" width=\"2300\" height=\"1080\" src=\"https:\/\/www.samiez.de\/wp-content\/uploads\/2023\/07\/fassadengerueste_samiez-geruestbau_02.jpg\" class=\"attachment-full size-full wp-image-2149\" alt=\"\" srcset=\"https:\/\/www.samiez.de\/wp-content\/uploads\/2023\/07\/fassadengerueste_samiez-geruestbau_02.jpg 2300w, https:\/\/www.samiez.de\/wp-content\/uploads\/2023\/07\/fassadengerueste_samiez-geruestbau_02-300x141.jpg 300w, https:\/\/www.samiez.de\/wp-content\/uploads\/2023\/07\/fassadengerueste_samiez-geruestbau_02-1024x481.jpg 1024w, https:\/\/www.samiez.de\/wp-content\/uploads\/2023\/07\/fassadengerueste_samiez-geruestbau_02-768x361.jpg 768w, https:\/\/www.samiez.de\/wp-content\/uploads\/2023\/07\/fassadengerueste_samiez-geruestbau_02-1536x721.jpg 1536w, https:\/\/www.samiez.de\/wp-content\/uploads\/2023\/07\/fassadengerueste_samiez-geruestbau_02-2048x962.jpg 2048w\" sizes=\"(max-width: 2300px) 100vw, 2300px\" \/>\t\t\t\t\t\t\t\t\t\t\t\t\t\t\t<\/div>\n\t\t\t\t<\/div>\n\t\t<div class=\"elementor-element elementor-element-5cb8e23 e-con-full e-flex e-con e-child\" data-id=\"5cb8e23\" data-element_type=\"container\" data-e-type=\"container\">\n\t\t\t\t<div class=\"elementor-element elementor-element-ca4245b elementor-widget__width-initial elementor-widget elementor-widget-spacer\" data-id=\"ca4245b\" data-element_type=\"widget\" data-e-type=\"widget\" data-widget_type=\"spacer.default\">\n\t\t\t\t\t\t\t<div class=\"elementor-spacer\">\n\t\t\t<div class=\"elementor-spacer-inner\"><\/div>\n\t\t<\/div>\n\t\t\t\t\t\t<\/div>\n\t\t\t\t<div class=\"elementor-element elementor-element-c91f040 elementor-widget elementor-widget-heading\" data-id=\"c91f040\" data-element_type=\"widget\" data-e-type=\"widget\" data-widget_type=\"heading.default\">\n\t\t\t\t\t<h3 class=\"elementor-heading-title elementor-size-default\">FassadenGer\u00fcst mieten<\/h3>\t\t\t\t<\/div>\n\t\t\t\t<div class=\"elementor-element elementor-element-1b8ec5d elementor-widget elementor-widget-heading\" data-id=\"1b8ec5d\" data-element_type=\"widget\" data-e-type=\"widget\" data-widget_type=\"heading.default\">\n\t\t\t\t\t<h2 class=\"elementor-heading-title elementor-size-default\">Ger\u00fcste mit verl\u00e4sslichem Service und hoher Verf\u00fcgbarkeit<\/h2>\t\t\t\t<\/div>\n\t\t\t\t<div class=\"elementor-element elementor-element-5690777 elementor-widget__width-initial elementor-widget elementor-widget-text-editor\" data-id=\"5690777\" data-element_type=\"widget\" data-e-type=\"widget\" data-widget_type=\"text-editor.default\">\n\t\t\t\t\t\t\t\t\t<p>Unsere Ger\u00fcste sind stets <strong data-start=\"401\" data-end=\"428\">in gro\u00dfer Verf\u00fcgbarkeit<\/strong> und k\u00f6nnen sowohl mit <strong data-start=\"451\" data-end=\"489\">Aufbau durch unser erfahrenes Team<\/strong> als auch in <strong data-start=\"502\" data-end=\"519\">Eigenleistung<\/strong> genutzt werden. Wir sorgen f\u00fcr eine <strong data-start=\"556\" data-end=\"577\">sichere Lieferung<\/strong> direkt zu Ihrem Projektstandort oder bieten Ihnen die M\u00f6glichkeit, das Ger\u00fcst bequem bei uns <strong data-start=\"671\" data-end=\"684\">abzuholen<\/strong>. Profitieren Sie von unserer schnellen Bereitstellung und dem professionellen Service.<\/p>\t\t\t\t\t\t\t\t<\/div>\n\t\t\t\t<\/div>\n\t\t\t\t\t<\/div>\n\t\t\t\t<\/div>\n\t\t<div class=\"elementor-element elementor-element-ef97938 e-flex e-con-boxed e-con e-parent\" data-id=\"ef97938\" data-element_type=\"container\" data-e-type=\"container\">\n\t\t\t\t\t<div class=\"e-con-inner\">\n\t\t<div class=\"elementor-element elementor-element-e27916e e-con-full e-flex e-con e-child\" data-id=\"e27916e\" data-element_type=\"container\" data-e-type=\"container\">\n\t\t\t\t<div class=\"elementor-element elementor-element-4ea2168 elementor-widget__width-initial elementor-widget elementor-widget-spacer\" data-id=\"4ea2168\" data-element_type=\"widget\" data-e-type=\"widget\" data-widget_type=\"spacer.default\">\n\t\t\t\t\t\t\t<div class=\"elementor-spacer\">\n\t\t\t<div class=\"elementor-spacer-inner\"><\/div>\n\t\t<\/div>\n\t\t\t\t\t\t<\/div>\n\t\t\t\t<div class=\"elementor-element elementor-element-92d5ac7 elementor-widget elementor-widget-heading\" data-id=\"92d5ac7\" data-element_type=\"widget\" data-e-type=\"widget\" data-widget_type=\"heading.default\">\n\t\t\t\t\t<h3 class=\"elementor-heading-title elementor-size-default\">Fassadenger\u00fcst<\/h3>\t\t\t\t<\/div>\n\t\t\t\t<div class=\"elementor-element elementor-element-7739775 elementor-widget elementor-widget-heading\" data-id=\"7739775\" data-element_type=\"widget\" data-e-type=\"widget\" data-widget_type=\"heading.default\">\n\t\t\t\t\t<h3 class=\"elementor-heading-title elementor-size-default\">40 Jahre Erfahrung im Ger\u00fcstbau die Qualit\u00e4t ausmacht.<\/h3>\t\t\t\t<\/div>\n\t\t\t\t<div class=\"elementor-element elementor-element-b982aeb elementor-widget__width-initial elementor-widget elementor-widget-text-editor\" data-id=\"b982aeb\" data-element_type=\"widget\" data-e-type=\"widget\" data-widget_type=\"text-editor.default\">\n\t\t\t\t\t\t\t\t\t<p>Fassadenger\u00fcste sind heute unentbehrlich in der Bau- und Handwerksbranche, sei es f\u00fcr Renovierungsarbeiten von Dachdeckern und Malern an bestehenden Geb\u00e4uden oder f\u00fcr Gro\u00dfprojekte im Neubau. Die steigenden Anforderungen an Arbeitssicherheit und die zunehmend komplexen Geb\u00e4udeformen und Fassadenstrukturen erfordern eine erh\u00f6hte Aufmerksamkeit im Ger\u00fcstbau.<br \/>Dank unserer langj\u00e4hrigen Partnerschaft mit Layher, einem renommierten Hersteller von Ger\u00fcstsystemen, sind wir in der Lage, diesen steigenden Anspr\u00fcchen gerecht zu werden und neue Standards zu setzen. Unser umfassendes Lager umfasst eine breite Palette von Ger\u00fcsten, Ger\u00fcst-Bauteilen und Sonderger\u00fcste wie Konsolen, Eckbleche und Systemkomponenten in verschiedenen Rasterungen. Dadurch sind wir in der Lage, selbst anspruchsvolle Fassadenverl\u00e4ufe und Geb\u00e4udeformen gem\u00e4\u00df den Richtlinien der <a href=\"http:\/\/www.bgbau.de\" rel=\"nofollow noopener\" target=\"_blank\">BG Bau<\/a> sicher einzur\u00fcsten.<\/p>\t\t\t\t\t\t\t\t<\/div>\n\t\t\t\t<\/div>\n\t\t<div class=\"elementor-element elementor-element-b15ce8f e-con-full e-flex e-con e-child\" data-id=\"b15ce8f\" data-element_type=\"container\" data-e-type=\"container\" data-settings=\"{&quot;background_background&quot;:&quot;classic&quot;}\">\n\t\t\t\t<\/div>\n\t\t\t\t\t<\/div>\n\t\t\t\t<\/div>\n\t\t<div class=\"elementor-element elementor-element-73acc37 elementor-hidden-desktop elementor-hidden-tablet elementor-hidden-mobile e-flex e-con-boxed e-con e-parent\" data-id=\"73acc37\" data-element_type=\"container\" data-e-type=\"container\">\n\t\t\t\t\t<div class=\"e-con-inner\">\n\t\t\t\t<div class=\"elementor-element elementor-element-6c9699c elementor-widget elementor-widget-heading\" data-id=\"6c9699c\" data-element_type=\"widget\" data-e-type=\"widget\" data-widget_type=\"heading.default\">\n\t\t\t\t\t<h3 class=\"elementor-heading-title elementor-size-default\">Referenzen<\/h3>\t\t\t\t<\/div>\n\t\t\t\t<div class=\"elementor-element elementor-element-ef78b51 elementor-widget elementor-widget-heading\" data-id=\"ef78b51\" data-element_type=\"widget\" data-e-type=\"widget\" data-widget_type=\"heading.default\">\n\t\t\t\t\t<h2 class=\"elementor-heading-title elementor-size-default\">Fassadenger\u00fcste<\/h2>\t\t\t\t<\/div>\n\t\t\t\t<div class=\"elementor-element elementor-element-0d371cb elementor-widget elementor-widget-eael-image-accordion\" data-id=\"0d371cb\" data-element_type=\"widget\" data-e-type=\"widget\" data-widget_type=\"eael-image-accordion.default\">\n\t\t\t\t\t    <div class=\"eael-img-accordion accordion-direction-horizontal eael-img-accordion-horizontal-align-center eael-img-accordion-vertical-align-center\" id=\"eael-img-accordion-0d371cb\" data-img-accordion-id=\"0d371cb\" data-img-accordion-type=\"on-hover\">\n                    \n            <div class=\"eael-image-accordion-hover eael-image-accordion-item\" style=\"background-image: url(http:\/\/samiez.de\/wp-content\/uploads\/2022\/11\/tobias-nii-kwatei-quartey-9FZELrrgwbc-unsplash-min-scaled.jpg);\"  tabindex=\"0\">\n                <div class=\"overlay\">\n                                        <div class=\"overlay-inner \">\n                        <h2 class=\"img-accordion-title\">Projekt: Magdeburg<\/h2>                            <p><p>Image Accordion Content Goes Here! Click edit button to change this text.<\/p><div class=\"notranslate\">\u00a0<\/div><\/p>\n                                            <\/div>\n                <\/div>\n            <\/div>\n                    \n            <div class=\"eael-image-accordion-hover eael-image-accordion-item\" style=\"background-image: url(http:\/\/samiez.de\/wp-content\/uploads\/2022\/11\/Industriegeruest_-Samiez_DSCF1360-min.jpg);\"  tabindex=\"0\">\n                <div class=\"overlay\">\n                                        <div class=\"overlay-inner \">\n                        <h2 class=\"img-accordion-title\">Projekt: Hannover<\/h2>                            <p><p>Image Accordion Content Goes Here! Click edit button to change this text.<\/p><\/p>\n                                            <\/div>\n                <\/div>\n            <\/div>\n                    \n            <div class=\"eael-image-accordion-hover eael-image-accordion-item\" style=\"background-image: url(http:\/\/samiez.de\/wp-content\/uploads\/2022\/11\/philip-myrtorp-rKEknedQ1Ak-unsplash-min-scaled.jpg);\"  tabindex=\"0\">\n                <div class=\"overlay\">\n                                        <div class=\"overlay-inner \">\n                        <h2 class=\"img-accordion-title\">Projekt: Koblenz<\/h2>                            <p><p>Image Accordion Content Goes Here! Click edit button to change this text.<\/p><\/p>\n                                            <\/div>\n                <\/div>\n            <\/div>\n                    \n            <div class=\"eael-image-accordion-hover eael-image-accordion-item\" style=\"background-image: url(http:\/\/samiez.de\/wp-content\/uploads\/2022\/11\/g-r-mottez-7SN5RHjJofM-unsplash-min-scaled.jpg);\"  tabindex=\"0\">\n                <div class=\"overlay\">\n                                        <div class=\"overlay-inner \">\n                        <h2 class=\"img-accordion-title\">Projekt: M\u00fcnchen<\/h2>                            <p><p>Image Accordion Content Goes Here! Click edit button to change this text.<\/p><\/p>\n                                            <\/div>\n                <\/div>\n            <\/div>\n                <\/div>\n        <style typr=\"text\/css\">\n                    #eael-img-accordion-0d371cb .eael-image-accordion-hover:hover {\n                        flex: 3 1 0% !important;\n                    }\n                    #eael-img-accordion-0d371cb .eael-image-accordion-hover:hover:hover .overlay-inner * {\n                        opacity: 1;\n                        visibility: visible;\n                        transform: none;\n                        transition: all .3s .3s;\n                    }\n                <\/style>\t\t\t\t<\/div>\n\t\t\t\t\t<\/div>\n\t\t\t\t<\/div>\n\t\t\t\t<\/div>\n\t\t","protected":false},"excerpt":{"rendered":"<p>Fassadenger\u00fcst Fassadenger\u00fcst mieten \u2013 flexibel, sicher &#038; sofort verf\u00fcgbar Im Ger\u00fcstbau ist die Welt der Fassadenger\u00fcste so vielf\u00e4ltig wie die Geb\u00e4ude, die sie umgeben. Samiez Ger\u00fcstbau bietet Ihnen eine breite Auswahl an Fassadenger\u00fcsten in Hannover, die Sie schnell und flexibel mieten k\u00f6nnen. Jetzt anfragen! FassadenGer\u00fcst mieten Ger\u00fcste mit verl\u00e4sslichem Service und hoher Verf\u00fcgbarkeit Unsere Ger\u00fcste [&hellip;]<\/p>\n","protected":false},"author":5,"featured_media":0,"parent":0,"menu_order":0,"comment_status":"closed","ping_status":"closed","template":"","meta":{"footnotes":""},"class_list":["post-4522","page","type-page","status-publish","hentry"],"_links":{"self":[{"href":"https:\/\/www.samiez.de\/geruestbau\/wp-json\/wp\/v2\/pages\/4522","targetHints":{"allow":["GET"]}}],"collection":[{"href":"https:\/\/www.samiez.de\/geruestbau\/wp-json\/wp\/v2\/pages"}],"about":[{"href":"https:\/\/www.samiez.de\/geruestbau\/wp-json\/wp\/v2\/types\/page"}],"author":[{"embeddable":true,"href":"https:\/\/www.samiez.de\/geruestbau\/wp-json\/wp\/v2\/users\/5"}],"replies":[{"embeddable":true,"href":"https:\/\/www.samiez.de\/geruestbau\/wp-json\/wp\/v2\/comments?post=4522"}],"version-history":[{"count":10,"href":"https:\/\/www.samiez.de\/geruestbau\/wp-json\/wp\/v2\/pages\/4522\/revisions"}],"predecessor-version":[{"id":7684,"href":"https:\/\/www.samiez.de\/geruestbau\/wp-json\/wp\/v2\/pages\/4522\/revisions\/7684"}],"wp:attachment":[{"href":"https:\/\/www.samiez.de\/geruestbau\/wp-json\/wp\/v2\/media?parent=4522"}],"curies":[{"name":"wp","href":"https:\/\/api.w.org\/{rel}","templated":true}]}}