{"id":392,"date":"2023-01-15T23:46:48","date_gmt":"2023-01-15T22:46:48","guid":{"rendered":"http:\/\/samiez.de\/?page_id=392"},"modified":"2025-05-13T13:22:03","modified_gmt":"2025-05-13T11:22:03","slug":"geruestbau-eventsysteme","status":"publish","type":"page","link":"https:\/\/www.samiez.de\/geruestbau\/geruestbau-eventsysteme\/","title":{"rendered":"EventSysteme"},"content":{"rendered":"\t\t<div data-elementor-type=\"wp-page\" data-elementor-id=\"392\" class=\"elementor elementor-392\" data-elementor-post-type=\"page\">\n\t\t\t\t<div class=\"elementor-element elementor-element-9457c1f e-flex e-con-boxed e-con e-parent\" data-id=\"9457c1f\" data-element_type=\"container\" data-e-type=\"container\" data-settings=\"{&quot;background_background&quot;:&quot;classic&quot;}\">\n\t\t\t\t\t<div class=\"e-con-inner\">\n\t\t<div class=\"elementor-element elementor-element-daff7ea e-con-full e-flex e-con e-child\" data-id=\"daff7ea\" data-element_type=\"container\" data-e-type=\"container\">\n\t\t\t\t<div class=\"elementor-element elementor-element-7427487 elementor-widget__width-initial elementor-widget elementor-widget-spacer\" data-id=\"7427487\" data-element_type=\"widget\" data-e-type=\"widget\" data-widget_type=\"spacer.default\">\n\t\t\t\t\t\t\t<div class=\"elementor-spacer\">\n\t\t\t<div class=\"elementor-spacer-inner\"><\/div>\n\t\t<\/div>\n\t\t\t\t\t\t<\/div>\n\t\t\t\t<div class=\"elementor-element elementor-element-3c03f92 elementor-widget elementor-widget-heading\" data-id=\"3c03f92\" data-element_type=\"widget\" data-e-type=\"widget\" data-widget_type=\"heading.default\">\n\t\t\t\t\t<h3 class=\"elementor-heading-title elementor-size-default\">Ger\u00fcste f\u00fcr Events<\/h3>\t\t\t\t<\/div>\n\t\t\t\t<div class=\"elementor-element elementor-element-a1fc71d elementor-widget__width-initial elementor-widget elementor-widget-heading\" data-id=\"a1fc71d\" data-element_type=\"widget\" data-e-type=\"widget\" data-widget_type=\"heading.default\">\n\t\t\t\t\t<h1 class=\"elementor-heading-title elementor-size-default\"><b>EventSysteme<\/b> - <br>Trib\u00fchnen, Treppen, B\u00fchnen mit Ger\u00fcstbau<\/h1>\t\t\t\t<\/div>\n\t\t\t\t<div class=\"elementor-element elementor-element-adc23c6 elementor-widget elementor-widget-text-editor\" data-id=\"adc23c6\" data-element_type=\"widget\" data-e-type=\"widget\" data-widget_type=\"text-editor.default\">\n\t\t\t\t\t\t\t\t\t<p>Eventsysteme sind das R\u00fcckgrat Ihrer Veranstaltung. Wir bieten ma\u00dfgeschneiderte und sichere Ger\u00fcstsysteme und L\u00f6sungen f\u00fcr sichere Trib\u00fchnen, Treppen, B\u00fchnen an.<\/p>\t\t\t\t\t\t\t\t<\/div>\n\t\t\t\t<div class=\"elementor-element elementor-element-95c1733 elementor-widget__width-initial elementor-widget elementor-widget-button\" data-id=\"95c1733\" data-element_type=\"widget\" data-e-type=\"widget\" data-widget_type=\"button.default\">\n\t\t\t\t\t\t\t\t\t\t<a class=\"elementor-button elementor-button-link elementor-size-sm\" href=\"#Eventgerueste\">\n\t\t\t\t\t\t<span class=\"elementor-button-content-wrapper\">\n\t\t\t\t\t\t\t\t\t<span class=\"elementor-button-text\">Mehr<\/span>\n\t\t\t\t\t<\/span>\n\t\t\t\t\t<\/a>\n\t\t\t\t\t\t\t\t<\/div>\n\t\t\t\t<\/div>\n\t\t\t\t\t<\/div>\n\t\t\t\t<\/div>\n\t\t<div class=\"elementor-element elementor-element-ef65e13 e-con-full e-flex e-con e-parent\" data-id=\"ef65e13\" data-element_type=\"container\" data-e-type=\"container\">\n\t\t\t\t<div class=\"elementor-element elementor-element-b42d5cf elementor-widget elementor-widget-shortcode\" data-id=\"b42d5cf\" data-element_type=\"widget\" data-e-type=\"widget\" data-widget_type=\"shortcode.default\">\n\t\t\t\t\t\t\t<div class=\"elementor-shortcode\">\t\t<div data-elementor-type=\"container\" data-elementor-id=\"7187\" class=\"elementor elementor-7187\" data-elementor-post-type=\"elementor_library\">\n\t\t\t\t<div class=\"elementor-element elementor-element-2e711f4b e-con-full e-flex e-con e-parent\" data-id=\"2e711f4b\" data-element_type=\"container\" data-e-type=\"container\" data-settings=\"{&quot;background_background&quot;:&quot;gradient&quot;}\">\n\t\t<div class=\"elementor-element elementor-element-6c52b8de e-con-full e-flex e-con e-child\" data-id=\"6c52b8de\" data-element_type=\"container\" data-e-type=\"container\">\n\t\t\t\t<div class=\"elementor-element elementor-element-4175f201 elementor-view-framed elementor-shape-square elementor-position-inline-start elementor-mobile-position-inline-start elementor-tablet-position-block-start elementor-widget__width-initial elementor-widget-tablet__width-initial elementor-widget elementor-widget-icon-box\" data-id=\"4175f201\" data-element_type=\"widget\" data-e-type=\"widget\" data-widget_type=\"icon-box.default\">\n\t\t\t\t\t\t\t<div class=\"elementor-icon-box-wrapper\">\n\n\t\t\t\t\t\t<div class=\"elementor-icon-box-icon\">\n\t\t\t\t<a href=\"mailto:info@samiez.de\" class=\"elementor-icon\" tabindex=\"-1\" aria-label=\"Email\">\n\t\t\t\t<i aria-hidden=\"true\" class=\"fas fa-envelope\"><\/i>\t\t\t\t<\/a>\n\t\t\t<\/div>\n\t\t\t\n\t\t\t\t\t\t<div class=\"elementor-icon-box-content\">\n\n\t\t\t\t\t\t\t\t\t<div class=\"elementor-icon-box-title\">\n\t\t\t\t\t\t<a href=\"mailto:info@samiez.de\" >\n\t\t\t\t\t\t\tEmail\t\t\t\t\t\t<\/a>\n\t\t\t\t\t<\/div>\n\t\t\t\t\n\t\t\t\t\t\t\t\t\t<p class=\"elementor-icon-box-description\">\n\t\t\t\t\t\tinfo@samiez.de\t\t\t\t\t<\/p>\n\t\t\t\t\n\t\t\t<\/div>\n\t\t\t\n\t\t<\/div>\n\t\t\t\t\t\t<\/div>\n\t\t\t\t<div class=\"elementor-element elementor-element-7612a77 elementor-view-framed elementor-shape-square elementor-position-inline-start elementor-mobile-position-inline-start elementor-tablet-position-block-start elementor-widget__width-initial elementor-widget-tablet__width-initial elementor-widget elementor-widget-icon-box\" data-id=\"7612a77\" data-element_type=\"widget\" data-e-type=\"widget\" data-widget_type=\"icon-box.default\">\n\t\t\t\t\t\t\t<div class=\"elementor-icon-box-wrapper\">\n\n\t\t\t\t\t\t<div class=\"elementor-icon-box-icon\">\n\t\t\t\t<a href=\"tel:0049511774414\" class=\"elementor-icon\" tabindex=\"-1\" aria-label=\"Anrufen\">\n\t\t\t\t<i aria-hidden=\"true\" class=\"fas fa-phone-square-alt\"><\/i>\t\t\t\t<\/a>\n\t\t\t<\/div>\n\t\t\t\n\t\t\t\t\t\t<div class=\"elementor-icon-box-content\">\n\n\t\t\t\t\t\t\t\t\t<div class=\"elementor-icon-box-title\">\n\t\t\t\t\t\t<a href=\"tel:0049511774414\" >\n\t\t\t\t\t\t\tAnrufen\t\t\t\t\t\t<\/a>\n\t\t\t\t\t<\/div>\n\t\t\t\t\n\t\t\t\t\t\t\t\t\t<p class=\"elementor-icon-box-description\">\n\t\t\t\t\t\t+49 511 77 44 14\t\t\t\t\t<\/p>\n\t\t\t\t\n\t\t\t<\/div>\n\t\t\t\n\t\t<\/div>\n\t\t\t\t\t\t<\/div>\n\t\t\t\t<div class=\"elementor-element elementor-element-2ea2fbfc elementor-view-framed elementor-shape-square elementor-position-inline-start elementor-mobile-position-inline-start elementor-tablet-position-block-start elementor-widget__width-initial elementor-widget-tablet__width-initial elementor-widget elementor-widget-icon-box\" data-id=\"2ea2fbfc\" data-element_type=\"widget\" data-e-type=\"widget\" data-widget_type=\"icon-box.default\">\n\t\t\t\t\t\t\t<div class=\"elementor-icon-box-wrapper\">\n\n\t\t\t\t\t\t<div class=\"elementor-icon-box-icon\">\n\t\t\t\t<a href=\"https:\/\/maps.app.goo.gl\/R5ozTnJyJJwgbfdF6\" class=\"elementor-icon\" tabindex=\"-1\" aria-label=\"OFFICE \/ HAUPTLAGER\" rel=\"nofollow noopener\" target=\"_blank\">\n\t\t\t\t<i aria-hidden=\"true\" class=\"fas fa-phone-square-alt\"><\/i>\t\t\t\t<\/a>\n\t\t\t<\/div>\n\t\t\t\n\t\t\t\t\t\t<div class=\"elementor-icon-box-content\">\n\n\t\t\t\t\t\t\t\t\t<div class=\"elementor-icon-box-title\">\n\t\t\t\t\t\t<a href=\"https:\/\/maps.app.goo.gl\/R5ozTnJyJJwgbfdF6\" rel=\"nofollow noopener\" target=\"_blank\">\n\t\t\t\t\t\t\tOFFICE \/ HAUPTLAGER\t\t\t\t\t\t<\/a>\n\t\t\t\t\t<\/div>\n\t\t\t\t\n\t\t\t\t\t\t\t\t\t<p class=\"elementor-icon-box-description\">\n\t\t\t\t\t\tBarbarastr. 12, 30952 Ronnenberg bei Hannover\t\t\t\t\t<\/p>\n\t\t\t\t\n\t\t\t<\/div>\n\t\t\t\n\t\t<\/div>\n\t\t\t\t\t\t<\/div>\n\t\t\t\t<\/div>\n\t\t\t\t<\/div>\n\t\t\t\t<\/div>\n\t\t<\/div>\n\t\t\t\t\t\t<\/div>\n\t\t\t\t<\/div>\n\t\t<div class=\"elementor-element elementor-element-9081476 e-flex e-con-boxed e-con e-parent\" data-id=\"9081476\" data-element_type=\"container\" data-e-type=\"container\">\n\t\t\t\t\t<div class=\"e-con-inner\">\n\t\t\t\t<div class=\"elementor-element elementor-element-1b2f962 elementor-widget elementor-widget-menu-anchor\" data-id=\"1b2f962\" data-element_type=\"widget\" data-e-type=\"widget\" data-widget_type=\"menu-anchor.default\">\n\t\t\t\t\t\t\t<div class=\"elementor-menu-anchor\" id=\"Eventgerueste\"><\/div>\n\t\t\t\t\t\t<\/div>\n\t\t\t\t\t<\/div>\n\t\t\t\t<\/div>\n\t\t<div class=\"elementor-element elementor-element-4edde99 e-flex e-con-boxed e-con e-parent\" data-id=\"4edde99\" data-element_type=\"container\" data-e-type=\"container\">\n\t\t\t\t\t<div class=\"e-con-inner\">\n\t\t<div class=\"elementor-element elementor-element-37361da e-con-full e-flex e-con e-child\" data-id=\"37361da\" data-element_type=\"container\" data-e-type=\"container\">\n\t\t\t\t<div class=\"elementor-element elementor-element-2366a8b elementor-widget__width-initial elementor-widget elementor-widget-spacer\" data-id=\"2366a8b\" data-element_type=\"widget\" data-e-type=\"widget\" data-widget_type=\"spacer.default\">\n\t\t\t\t\t\t\t<div class=\"elementor-spacer\">\n\t\t\t<div class=\"elementor-spacer-inner\"><\/div>\n\t\t<\/div>\n\t\t\t\t\t\t<\/div>\n\t\t\t\t<div class=\"elementor-element elementor-element-b00f534 elementor-widget elementor-widget-heading\" data-id=\"b00f534\" data-element_type=\"widget\" data-e-type=\"widget\" data-widget_type=\"heading.default\">\n\t\t\t\t\t<h3 class=\"elementor-heading-title elementor-size-default\">Sicher Feiern - Besser Schlafen<\/h3>\t\t\t\t<\/div>\n\t\t\t\t<div class=\"elementor-element elementor-element-39840d5 elementor-widget elementor-widget-heading\" data-id=\"39840d5\" data-element_type=\"widget\" data-e-type=\"widget\" data-widget_type=\"heading.default\">\n\t\t\t\t\t<h2 class=\"elementor-heading-title elementor-size-default\">Ger\u00fcstsysteme f\u00fcr gro\u00dfe und kleine Veranstaltungen<\/h2>\t\t\t\t<\/div>\n\t\t\t\t<div class=\"elementor-element elementor-element-41143d9 elementor-widget__width-initial elementor-widget elementor-widget-text-editor\" data-id=\"41143d9\" data-element_type=\"widget\" data-e-type=\"widget\" data-widget_type=\"text-editor.default\">\n\t\t\t\t\t\t\t\t\t<div class=\"flex flex-grow flex-col gap-3\">\n<div class=\"min-h-[20px] flex flex-col items-start gap-4 whitespace-pre-wrap break-words\">\n<div class=\"markdown prose w-full break-words dark:prose-invert dark\">\n<div class=\"flex flex-grow flex-col gap-3\">\n<div class=\"min-h-[20px] flex flex-col items-start gap-4 whitespace-pre-wrap break-words\">\n<div class=\"markdown prose w-full break-words dark:prose-invert dark\">\n<p class=\"\" data-start=\"187\" data-end=\"535\"><strong data-start=\"187\" data-end=\"390\">Wenn Sie als Eventagentur Veranstaltungen wie Messen, Stadtfeste, Konzerte oder Firmenevents organisieren, wissen Sie, wie entscheidend Eventsysteme f\u00fcr den gesicherten und reibungslosen Ablauf sind.<\/strong><br data-start=\"390\" data-end=\"393\">Ger\u00fcstbau bildet die Grundlage f\u00fcr B\u00fchnen, Trib\u00fcnen, Treppen oder auch Zuschauerbereiche mit \u00dcberdachungen sowie viele weitere Konstruktionen.<\/p>\n<p class=\"\" data-start=\"537\" data-end=\"865\">Bei Samiez verstehen wir die Anspr\u00fcche von Eventagenturen und bieten Ihnen die perfekte L\u00f6sung. Unsere Expertise in der Bereitstellung von Werbet\u00fcrmen, Messest\u00e4nden, B\u00fchnen, Lautsprechert\u00fcrmen, LED-W\u00e4nden, Podien und L\u00e4rmschutz, bis hin zu aufwendigen VIP-Publikumsbereichen, erm\u00f6glicht es Ihnen, Ihre Visionen zu verwirklichen.<\/p><p class=\"\" data-start=\"537\" data-end=\"865\"><\/p>\n<p class=\"\" data-start=\"872\" data-end=\"898\"><strong data-start=\"872\" data-end=\"898\"><br><\/strong><\/p><p class=\"\" data-start=\"872\" data-end=\"898\"><strong data-start=\"872\" data-end=\"898\">Unsere Event-L\u00f6sungen:<\/strong><\/p>\n<p class=\"\" data-start=\"900\" data-end=\"1212\">Bei Samiez bieten wir die volle Palette der Layher Event-Services und stellen Ihnen einen engagierten Ansprechpartner zur Seite, der Ihre Veranstaltungen zu etwas Besonderem macht.<br data-start=\"1080\" data-end=\"1083\">Von der Planung bis zur Umsetzung stehen wir Ihnen zur Seite, um sicherzustellen, dass Ihr Event reibungslos und sicher verl\u00e4uft.<\/p>\n\n<p class=\"\" data-start=\"1219\" data-end=\"1241\"><strong data-start=\"1219\" data-end=\"1241\"><br><\/strong><\/p><p class=\"\" data-start=\"1219\" data-end=\"1241\"><strong data-start=\"1219\" data-end=\"1241\">Unsere Leistungen:<\/strong><\/p>\n<p class=\"\" data-start=\"1243\" data-end=\"1581\">Unabh\u00e4ngig von der Gr\u00f6\u00dfe Ihrer Veranstaltung sind wir Ihr zuverl\u00e4ssiger Partner. Wir haben Erfahrung in der Organisation gro\u00dfer Festivals mit mehr als 25.000 Besuchern. Dar\u00fcber hinaus unterst\u00fctzen wir Sie bei der Konzeption und Gestaltung einzigartiger Projekte, die bei Ihren Kunden und G\u00e4sten einen bleibenden Eindruck hinterlassen.<\/p>\n<p class=\"\" data-start=\"1583\" data-end=\"1799\">Kontaktieren Sie uns noch heute, um Ihre Eventger\u00fcst-Anforderungen zu besprechen. Bei Samiez verstehen wir die Welt der Eventagenturen und freuen uns darauf, gemeinsam mit Ihnen au\u00dfergew\u00f6hnliche Events zu schaffen.<\/p>\n<\/div>\n<\/div>\n<\/div>\n<\/div>\n<\/div>\n<\/div>\t\t\t\t\t\t\t\t<\/div>\n\t\t\t\t<\/div>\n\t\t<div class=\"elementor-element elementor-element-4097f47 e-con-full e-flex e-con e-child\" data-id=\"4097f47\" data-element_type=\"container\" data-e-type=\"container\" data-settings=\"{&quot;background_background&quot;:&quot;classic&quot;,&quot;sticky&quot;:&quot;top&quot;,&quot;sticky_offset_tablet&quot;:75,&quot;sticky_parent&quot;:&quot;yes&quot;,&quot;sticky_on&quot;:[&quot;desktop&quot;,&quot;tablet&quot;,&quot;mobile&quot;],&quot;sticky_offset&quot;:0,&quot;sticky_effects_offset&quot;:0,&quot;sticky_anchor_link_offset&quot;:0}\">\n\t\t\t\t<div class=\"elementor-element elementor-element-156fa42 elementor-widget elementor-widget-eael-image-accordion\" data-id=\"156fa42\" data-element_type=\"widget\" data-e-type=\"widget\" data-widget_type=\"eael-image-accordion.default\">\n\t\t\t\t\t    <div class=\"eael-img-accordion accordion-direction-vertical eael-img-accordion-horizontal-align-center eael-img-accordion-vertical-align-center\" id=\"eael-img-accordion-156fa42\" data-img-accordion-id=\"156fa42\" data-img-accordion-type=\"on-hover\">\n                    \n            <div class=\"eael-image-accordion-hover eael-image-accordion-item\" style=\"background-image: url(https:\/\/www.samiez.de\/wp-content\/uploads\/2023\/09\/IMG-20230324-WA0017-jpg.webp);\"  tabindex=\"0\">\n                <div class=\"overlay\">\n                                        <div class=\"overlay-inner \">\n                                            <\/div>\n                <\/div>\n            <\/div>\n                    \n            <div class=\"eael-image-accordion-hover eael-image-accordion-item\" style=\"background-image: url(https:\/\/www.samiez.de\/wp-content\/uploads\/2023\/09\/IMG-20230324-WA0018-jpg.webp);\"  tabindex=\"0\">\n                <div class=\"overlay\">\n                                        <div class=\"overlay-inner \">\n                                            <\/div>\n                <\/div>\n            <\/div>\n                    \n            <div class=\"eael-image-accordion-hover eael-image-accordion-item\" style=\"background-image: url(https:\/\/www.samiez.de\/wp-content\/uploads\/2023\/09\/IMG-20230324-WA0019-jpg.webp);\"  tabindex=\"0\">\n                <div class=\"overlay\">\n                                        <div class=\"overlay-inner \">\n                                            <\/div>\n                <\/div>\n            <\/div>\n                    \n            <div class=\"eael-image-accordion-hover eael-image-accordion-item\" style=\"background-image: url(https:\/\/www.samiez.de\/wp-content\/uploads\/2023\/07\/eventgerueste_samiez-geruestbau_02.jpg);\"  tabindex=\"0\">\n                <div class=\"overlay\">\n                                        <div class=\"overlay-inner \">\n                                            <\/div>\n                <\/div>\n            <\/div>\n                <\/div>\n        <style typr=\"text\/css\">\n                    #eael-img-accordion-156fa42 .eael-image-accordion-hover:hover {\n                        flex: 3 1 0% !important;\n                    }\n                    #eael-img-accordion-156fa42 .eael-image-accordion-hover:hover:hover .overlay-inner * {\n                        opacity: 1;\n                        visibility: visible;\n                        transform: none;\n                        transition: all .3s .3s;\n                    }\n                <\/style>\t\t\t\t<\/div>\n\t\t\t\t<\/div>\n\t\t\t\t\t<\/div>\n\t\t\t\t<\/div>\n\t\t\t\t<\/div>\n\t\t","protected":false},"excerpt":{"rendered":"<p>Ger\u00fcste f\u00fcr Events EventSysteme &#8211; Trib\u00fchnen, Treppen, B\u00fchnen mit Ger\u00fcstbau Eventsysteme sind das R\u00fcckgrat Ihrer Veranstaltung. Wir bieten ma\u00dfgeschneiderte und sichere Ger\u00fcstsysteme und L\u00f6sungen f\u00fcr sichere Trib\u00fchnen, Treppen, B\u00fchnen an. Mehr Sicher Feiern &#8211; Besser Schlafen Ger\u00fcstsysteme f\u00fcr gro\u00dfe und kleine Veranstaltungen Wenn Sie als Eventagentur Veranstaltungen wie Messen, Stadtfeste, Konzerte oder Firmenevents organisieren, wissen [&hellip;]<\/p>\n","protected":false},"author":5,"featured_media":0,"parent":0,"menu_order":0,"comment_status":"closed","ping_status":"closed","template":"","meta":{"footnotes":""},"class_list":["post-392","page","type-page","status-publish","hentry"],"_links":{"self":[{"href":"https:\/\/www.samiez.de\/geruestbau\/wp-json\/wp\/v2\/pages\/392","targetHints":{"allow":["GET"]}}],"collection":[{"href":"https:\/\/www.samiez.de\/geruestbau\/wp-json\/wp\/v2\/pages"}],"about":[{"href":"https:\/\/www.samiez.de\/geruestbau\/wp-json\/wp\/v2\/types\/page"}],"author":[{"embeddable":true,"href":"https:\/\/www.samiez.de\/geruestbau\/wp-json\/wp\/v2\/users\/5"}],"replies":[{"embeddable":true,"href":"https:\/\/www.samiez.de\/geruestbau\/wp-json\/wp\/v2\/comments?post=392"}],"version-history":[{"count":10,"href":"https:\/\/www.samiez.de\/geruestbau\/wp-json\/wp\/v2\/pages\/392\/revisions"}],"predecessor-version":[{"id":7730,"href":"https:\/\/www.samiez.de\/geruestbau\/wp-json\/wp\/v2\/pages\/392\/revisions\/7730"}],"wp:attachment":[{"href":"https:\/\/www.samiez.de\/geruestbau\/wp-json\/wp\/v2\/media?parent=392"}],"curies":[{"name":"wp","href":"https:\/\/api.w.org\/{rel}","templated":true}]}}