{"id":1034,"date":"2023-04-16T00:03:34","date_gmt":"2023-04-15T22:03:34","guid":{"rendered":"http:\/\/samiez.de\/?page_id=1034"},"modified":"2025-04-28T11:51:25","modified_gmt":"2025-04-28T09:51:25","slug":"treppentuerme","status":"publish","type":"page","link":"https:\/\/www.samiez.de\/geruestbau\/treppentuerme\/","title":{"rendered":"Treppent\u00fcrme"},"content":{"rendered":"\t\t<div data-elementor-type=\"wp-page\" data-elementor-id=\"1034\" class=\"elementor elementor-1034\" data-elementor-post-type=\"page\">\n\t\t\t\t<div class=\"elementor-element elementor-element-4e8569a e-flex e-con-boxed e-con e-parent\" data-id=\"4e8569a\" data-element_type=\"container\" data-e-type=\"container\" data-settings=\"{&quot;background_background&quot;:&quot;classic&quot;}\">\n\t\t\t\t\t<div class=\"e-con-inner\">\n\t\t<div class=\"elementor-element elementor-element-777f460 e-con-full e-flex e-con e-child\" data-id=\"777f460\" data-element_type=\"container\" data-e-type=\"container\">\n\t\t\t\t<div class=\"elementor-element elementor-element-a474473 elementor-widget__width-initial elementor-widget elementor-widget-spacer\" data-id=\"a474473\" data-element_type=\"widget\" data-e-type=\"widget\" data-widget_type=\"spacer.default\">\n\t\t\t\t\t\t\t<div class=\"elementor-spacer\">\n\t\t\t<div class=\"elementor-spacer-inner\"><\/div>\n\t\t<\/div>\n\t\t\t\t\t\t<\/div>\n\t\t\t\t<div class=\"elementor-element elementor-element-82b532a elementor-widget elementor-widget-heading\" data-id=\"82b532a\" data-element_type=\"widget\" data-e-type=\"widget\" data-widget_type=\"heading.default\">\n\t\t\t\t\t<h3 class=\"elementor-heading-title elementor-size-default\">Treppenger\u00fcst<\/h3>\t\t\t\t<\/div>\n\t\t\t\t<div class=\"elementor-element elementor-element-4c38d8d elementor-widget__width-initial elementor-widget elementor-widget-heading\" data-id=\"4c38d8d\" data-element_type=\"widget\" data-e-type=\"widget\" data-widget_type=\"heading.default\">\n\t\t\t\t\t<h1 class=\"elementor-heading-title elementor-size-default\">Sicheres Aufsteigen<br><b>mit Ger\u00fcsttreppen<\/b><\/h1>\t\t\t\t<\/div>\n\t\t\t\t<div class=\"elementor-element elementor-element-a4713ad elementor-widget__width-inherit elementor-widget elementor-widget-text-editor\" data-id=\"a4713ad\" data-element_type=\"widget\" data-e-type=\"widget\" data-widget_type=\"text-editor.default\">\n\t\t\t\t\t\t\t\t\t<p>Treppent\u00fcrme im Ger\u00fcstbau, sorgen f\u00fcr einen sicheren Zugang auf jede H\u00f6he.<\/p>\t\t\t\t\t\t\t\t<\/div>\n\t\t\t\t<div class=\"elementor-element elementor-element-05ca7bd elementor-widget__width-initial elementor-widget elementor-widget-button\" data-id=\"05ca7bd\" data-element_type=\"widget\" data-e-type=\"widget\" data-widget_type=\"button.default\">\n\t\t\t\t\t\t\t\t\t\t<a class=\"elementor-button elementor-button-link elementor-size-sm\" href=\"\/kontakt\">\n\t\t\t\t\t\t<span class=\"elementor-button-content-wrapper\">\n\t\t\t\t\t\t\t\t\t<span class=\"elementor-button-text\">Kontakt<\/span>\n\t\t\t\t\t<\/span>\n\t\t\t\t\t<\/a>\n\t\t\t\t\t\t\t\t<\/div>\n\t\t\t\t<\/div>\n\t\t\t\t\t<\/div>\n\t\t\t\t<\/div>\n\t\t<div class=\"elementor-element elementor-element-c1e1c4e e-con-full e-flex e-con e-parent\" data-id=\"c1e1c4e\" data-element_type=\"container\" data-e-type=\"container\">\n\t\t\t\t<div class=\"elementor-element elementor-element-fc4c2fb elementor-widget-tablet__width-initial elementor-widget elementor-widget-shortcode\" data-id=\"fc4c2fb\" data-element_type=\"widget\" data-e-type=\"widget\" data-widget_type=\"shortcode.default\">\n\t\t\t\t\t\t\t<div class=\"elementor-shortcode\">\t\t<div data-elementor-type=\"container\" data-elementor-id=\"7187\" class=\"elementor elementor-7187\" data-elementor-post-type=\"elementor_library\">\n\t\t\t\t<div class=\"elementor-element elementor-element-2e711f4b e-con-full e-flex e-con e-parent\" data-id=\"2e711f4b\" data-element_type=\"container\" data-e-type=\"container\" data-settings=\"{&quot;background_background&quot;:&quot;gradient&quot;}\">\n\t\t<div class=\"elementor-element elementor-element-6c52b8de e-con-full e-flex e-con e-child\" data-id=\"6c52b8de\" data-element_type=\"container\" data-e-type=\"container\">\n\t\t\t\t<div class=\"elementor-element elementor-element-4175f201 elementor-view-framed elementor-shape-square elementor-position-inline-start elementor-mobile-position-inline-start elementor-tablet-position-block-start elementor-widget__width-initial elementor-widget-tablet__width-initial elementor-widget elementor-widget-icon-box\" data-id=\"4175f201\" data-element_type=\"widget\" data-e-type=\"widget\" data-widget_type=\"icon-box.default\">\n\t\t\t\t\t\t\t<div class=\"elementor-icon-box-wrapper\">\n\n\t\t\t\t\t\t<div class=\"elementor-icon-box-icon\">\n\t\t\t\t<a href=\"mailto:info@samiez.de\" class=\"elementor-icon\" tabindex=\"-1\" aria-label=\"Email\">\n\t\t\t\t<i aria-hidden=\"true\" class=\"fas fa-envelope\"><\/i>\t\t\t\t<\/a>\n\t\t\t<\/div>\n\t\t\t\n\t\t\t\t\t\t<div class=\"elementor-icon-box-content\">\n\n\t\t\t\t\t\t\t\t\t<div class=\"elementor-icon-box-title\">\n\t\t\t\t\t\t<a href=\"mailto:info@samiez.de\" >\n\t\t\t\t\t\t\tEmail\t\t\t\t\t\t<\/a>\n\t\t\t\t\t<\/div>\n\t\t\t\t\n\t\t\t\t\t\t\t\t\t<p class=\"elementor-icon-box-description\">\n\t\t\t\t\t\tinfo@samiez.de\t\t\t\t\t<\/p>\n\t\t\t\t\n\t\t\t<\/div>\n\t\t\t\n\t\t<\/div>\n\t\t\t\t\t\t<\/div>\n\t\t\t\t<div class=\"elementor-element elementor-element-7612a77 elementor-view-framed elementor-shape-square elementor-position-inline-start elementor-mobile-position-inline-start elementor-tablet-position-block-start elementor-widget__width-initial elementor-widget-tablet__width-initial elementor-widget elementor-widget-icon-box\" data-id=\"7612a77\" data-element_type=\"widget\" data-e-type=\"widget\" data-widget_type=\"icon-box.default\">\n\t\t\t\t\t\t\t<div class=\"elementor-icon-box-wrapper\">\n\n\t\t\t\t\t\t<div class=\"elementor-icon-box-icon\">\n\t\t\t\t<a href=\"tel:0049511774414\" class=\"elementor-icon\" tabindex=\"-1\" aria-label=\"Anrufen\">\n\t\t\t\t<i aria-hidden=\"true\" class=\"fas fa-phone-square-alt\"><\/i>\t\t\t\t<\/a>\n\t\t\t<\/div>\n\t\t\t\n\t\t\t\t\t\t<div class=\"elementor-icon-box-content\">\n\n\t\t\t\t\t\t\t\t\t<div class=\"elementor-icon-box-title\">\n\t\t\t\t\t\t<a href=\"tel:0049511774414\" >\n\t\t\t\t\t\t\tAnrufen\t\t\t\t\t\t<\/a>\n\t\t\t\t\t<\/div>\n\t\t\t\t\n\t\t\t\t\t\t\t\t\t<p class=\"elementor-icon-box-description\">\n\t\t\t\t\t\t+49 511 77 44 14\t\t\t\t\t<\/p>\n\t\t\t\t\n\t\t\t<\/div>\n\t\t\t\n\t\t<\/div>\n\t\t\t\t\t\t<\/div>\n\t\t\t\t<div class=\"elementor-element elementor-element-2ea2fbfc elementor-view-framed elementor-shape-square elementor-position-inline-start elementor-mobile-position-inline-start elementor-tablet-position-block-start elementor-widget__width-initial elementor-widget-tablet__width-initial elementor-widget elementor-widget-icon-box\" data-id=\"2ea2fbfc\" data-element_type=\"widget\" data-e-type=\"widget\" data-widget_type=\"icon-box.default\">\n\t\t\t\t\t\t\t<div class=\"elementor-icon-box-wrapper\">\n\n\t\t\t\t\t\t<div class=\"elementor-icon-box-icon\">\n\t\t\t\t<a href=\"https:\/\/maps.app.goo.gl\/R5ozTnJyJJwgbfdF6\" class=\"elementor-icon\" tabindex=\"-1\" aria-label=\"OFFICE \/ HAUPTLAGER\" rel=\"nofollow noopener\" target=\"_blank\">\n\t\t\t\t<i aria-hidden=\"true\" class=\"fas fa-phone-square-alt\"><\/i>\t\t\t\t<\/a>\n\t\t\t<\/div>\n\t\t\t\n\t\t\t\t\t\t<div class=\"elementor-icon-box-content\">\n\n\t\t\t\t\t\t\t\t\t<div class=\"elementor-icon-box-title\">\n\t\t\t\t\t\t<a href=\"https:\/\/maps.app.goo.gl\/R5ozTnJyJJwgbfdF6\" rel=\"nofollow noopener\" target=\"_blank\">\n\t\t\t\t\t\t\tOFFICE \/ HAUPTLAGER\t\t\t\t\t\t<\/a>\n\t\t\t\t\t<\/div>\n\t\t\t\t\n\t\t\t\t\t\t\t\t\t<p class=\"elementor-icon-box-description\">\n\t\t\t\t\t\tBarbarastr. 12, 30952 Ronnenberg bei Hannover\t\t\t\t\t<\/p>\n\t\t\t\t\n\t\t\t<\/div>\n\t\t\t\n\t\t<\/div>\n\t\t\t\t\t\t<\/div>\n\t\t\t\t<\/div>\n\t\t\t\t<\/div>\n\t\t\t\t<\/div>\n\t\t<\/div>\n\t\t\t\t\t\t<\/div>\n\t\t\t\t<\/div>\n\t\t<div class=\"elementor-element elementor-element-6ea50cb e-flex e-con-boxed e-con e-parent\" data-id=\"6ea50cb\" data-element_type=\"container\" data-e-type=\"container\">\n\t\t\t\t\t<div class=\"e-con-inner\">\n\t\t<div class=\"elementor-element elementor-element-8b10e23 e-con-full e-flex e-con e-child\" data-id=\"8b10e23\" data-element_type=\"container\" data-e-type=\"container\">\n\t\t\t\t<div class=\"elementor-element elementor-element-185e9df elementor-widget__width-initial elementor-widget elementor-widget-spacer\" data-id=\"185e9df\" data-element_type=\"widget\" data-e-type=\"widget\" data-widget_type=\"spacer.default\">\n\t\t\t\t\t\t\t<div class=\"elementor-spacer\">\n\t\t\t<div class=\"elementor-spacer-inner\"><\/div>\n\t\t<\/div>\n\t\t\t\t\t\t<\/div>\n\t\t\t\t<div class=\"elementor-element elementor-element-7ebf17d elementor-widget elementor-widget-heading\" data-id=\"7ebf17d\" data-element_type=\"widget\" data-e-type=\"widget\" data-widget_type=\"heading.default\">\n\t\t\t\t\t<h3 class=\"elementor-heading-title elementor-size-default\">sicher und einfach nach oben<\/h3>\t\t\t\t<\/div>\n\t\t\t\t<div class=\"elementor-element elementor-element-4950285 elementor-widget elementor-widget-heading\" data-id=\"4950285\" data-element_type=\"widget\" data-e-type=\"widget\" data-widget_type=\"heading.default\">\n\t\t\t\t\t<h2 class=\"elementor-heading-title elementor-size-default\">Treppent\u00fcrme f\u00fcr den sicheren Zugang in die H\u00f6he <\/h2>\t\t\t\t<\/div>\n\t\t\t\t<div class=\"elementor-element elementor-element-fbbac99 elementor-widget__width-initial elementor-widget elementor-widget-text-editor\" data-id=\"fbbac99\" data-element_type=\"widget\" data-e-type=\"widget\" data-widget_type=\"text-editor.default\">\n\t\t\t\t\t\t\t\t\t<div>Neben einem sicheren Aufstieg in alle Stockwerke eines Bauwerks, sind Treppent\u00fcrme auch die beste Alterantive f\u00fcr ein Ersatztreppenhaus im Sanierungsfall.<\/div><div>\u00a0<\/div>\t\t\t\t\t\t\t\t<\/div>\n\t\t\t\t<\/div>\n\t\t<div class=\"elementor-element elementor-element-96f8fe4 e-con-full e-flex e-con e-child\" data-id=\"96f8fe4\" data-element_type=\"container\" data-e-type=\"container\" data-settings=\"{&quot;background_background&quot;:&quot;classic&quot;}\">\n\t\t\t\t<div class=\"elementor-element elementor-element-3b39e0a elementor-widget elementor-widget-spacer\" data-id=\"3b39e0a\" data-element_type=\"widget\" data-e-type=\"widget\" data-widget_type=\"spacer.default\">\n\t\t\t\t\t\t\t<div class=\"elementor-spacer\">\n\t\t\t<div class=\"elementor-spacer-inner\"><\/div>\n\t\t<\/div>\n\t\t\t\t\t\t<\/div>\n\t\t\t\t<\/div>\n\t\t\t\t\t<\/div>\n\t\t\t\t<\/div>\n\t\t<div class=\"elementor-element elementor-element-10f3373 e-flex e-con-boxed e-con e-parent\" data-id=\"10f3373\" data-element_type=\"container\" data-e-type=\"container\" data-settings=\"{&quot;background_background&quot;:&quot;classic&quot;}\">\n\t\t\t\t\t<div class=\"e-con-inner\">\n\t\t<div class=\"elementor-element elementor-element-0e2502e e-con-full e-flex e-con e-child\" data-id=\"0e2502e\" data-element_type=\"container\" data-e-type=\"container\">\n\t\t\t\t<div class=\"elementor-element elementor-element-47811ab elementor-widget__width-initial elementor-widget elementor-widget-spacer\" data-id=\"47811ab\" data-element_type=\"widget\" data-e-type=\"widget\" data-widget_type=\"spacer.default\">\n\t\t\t\t\t\t\t<div class=\"elementor-spacer\">\n\t\t\t<div class=\"elementor-spacer-inner\"><\/div>\n\t\t<\/div>\n\t\t\t\t\t\t<\/div>\n\t\t\t\t<div class=\"elementor-element elementor-element-c10b351 elementor-widget elementor-widget-heading\" data-id=\"c10b351\" data-element_type=\"widget\" data-e-type=\"widget\" data-widget_type=\"heading.default\">\n\t\t\t\t\t<h3 class=\"elementor-heading-title elementor-size-default\">Referenzen<\/h3>\t\t\t\t<\/div>\n\t\t\t\t<div class=\"elementor-element elementor-element-ae12965 elementor-widget elementor-widget-heading\" data-id=\"ae12965\" data-element_type=\"widget\" data-e-type=\"widget\" data-widget_type=\"heading.default\">\n\t\t\t\t\t<h2 class=\"elementor-heading-title elementor-size-default\">Ger\u00fcstebaul\u00f6sungen f\u00fcr Treppent\u00fcrme<\/h2>\t\t\t\t<\/div>\n\t\t\t\t<div class=\"elementor-element elementor-element-1a7458c elementor-widget elementor-widget-text-editor\" data-id=\"1a7458c\" data-element_type=\"widget\" data-e-type=\"widget\" data-widget_type=\"text-editor.default\">\n\t\t\t\t\t\t\t\t\t<p class=\"\" data-start=\"47\" data-end=\"254\"><strong data-start=\"47\" data-end=\"254\">\u00dcberzeugen Sie sich von unserer Leistungsf\u00e4higkeit anhand aktueller Projekte in Deutschland und Europa. F\u00fchrende Unternehmen und Veranstalter, Investoren und Bautr\u00e4ger sch\u00e4tzen unsere konstante Qualit\u00e4t:<\/strong><\/p><blockquote data-start=\"256\" data-end=\"424\"><p class=\"\" data-start=\"258\" data-end=\"424\">&#8222;Samiez, einer der f\u00fchrenden Partner im deutschen und europ\u00e4ischen Ger\u00fcstbau, sorgt f\u00fcr Entlastung, Flexibilit\u00e4t und bietet Sicherheit \u2013 besonders bei Gro\u00dfprojekten.&#8220;<\/p><\/blockquote>\t\t\t\t\t\t\t\t<\/div>\n\t\t\t\t<div class=\"elementor-element elementor-element-2515272 elementor-widget elementor-widget-gallery\" data-id=\"2515272\" data-element_type=\"widget\" data-e-type=\"widget\" data-settings=\"{&quot;columns&quot;:3,&quot;aspect_ratio&quot;:&quot;4:3&quot;,&quot;overlay_title&quot;:&quot;title&quot;,&quot;overlay_description&quot;:&quot;alt&quot;,&quot;content_sequenced_animation&quot;:&quot;yes&quot;,&quot;lazyload&quot;:&quot;yes&quot;,&quot;gallery_layout&quot;:&quot;grid&quot;,&quot;columns_tablet&quot;:2,&quot;columns_mobile&quot;:1,&quot;gap&quot;:{&quot;unit&quot;:&quot;px&quot;,&quot;size&quot;:10,&quot;sizes&quot;:[]},&quot;gap_tablet&quot;:{&quot;unit&quot;:&quot;px&quot;,&quot;size&quot;:10,&quot;sizes&quot;:[]},&quot;gap_mobile&quot;:{&quot;unit&quot;:&quot;px&quot;,&quot;size&quot;:10,&quot;sizes&quot;:[]},&quot;link_to&quot;:&quot;file&quot;,&quot;overlay_background&quot;:&quot;yes&quot;,&quot;content_hover_animation&quot;:&quot;fade-in&quot;}\" data-widget_type=\"gallery.default\">\n\t\t\t\t\t\t\t<div class=\"elementor-gallery__container\">\n\t\t\t\t\t\t\t<a class=\"e-gallery-item elementor-gallery-item elementor-animated-content\" href=\"https:\/\/www.samiez.de\/wp-content\/uploads\/2023\/09\/Treppenturm-Beethovenschule-2-jpg.webp\" data-elementor-open-lightbox=\"yes\" data-elementor-lightbox-slideshow=\"2515272\" data-elementor-lightbox-title=\"Eingang und Ausgang Treppenturm Beethovenschule\" data-elementor-lightbox-description=\"Gesicherter Eingang zu einem Treppenturm \" data-e-action-hash=\"#elementor-action%3Aaction%3Dlightbox%26settings%3DeyJpZCI6Mjk3MiwidXJsIjoiaHR0cHM6XC9cL3d3dy5zYW1pZXouZGVcL3dwLWNvbnRlbnRcL3VwbG9hZHNcLzIwMjNcLzA5XC9UcmVwcGVudHVybS1CZWV0aG92ZW5zY2h1bGUtMi1qcGcud2VicCIsInNsaWRlc2hvdyI6IjI1MTUyNzIifQ%3D%3D\">\n\t\t\t\t\t<div class=\"e-gallery-image elementor-gallery-item__image\" data-thumbnail=\"https:\/\/www.samiez.de\/wp-content\/uploads\/2023\/09\/Treppenturm-Beethovenschule-2-jpg.webp\" data-width=\"900\" data-height=\"1600\" aria-label=\"Gesicherter Eingang zu einem Treppenturm\" role=\"img\" ><\/div>\n\t\t\t\t\t\t\t\t\t\t\t<div class=\"elementor-gallery-item__overlay\"><\/div>\n\t\t\t\t\t\t\t\t\t\t\t\t\t\t\t<div class=\"elementor-gallery-item__content\">\n\t\t\t\t\t\t\t\t\t\t\t\t\t\t<div class=\"elementor-gallery-item__title\">\n\t\t\t\t\t\t\t\t\t\t\t\t\t\t\t\t\t\tEingang und Ausgang Treppenturm Beethovenschule\t\t\t\t\t\t\t\t<\/div>\n\t\t\t\t\t\t\t\t\t\t\t\t\t\t\t<div class=\"elementor-gallery-item__description\">\n\t\t\t\t\t\t\t\t\t\t\t\t\t\t\t\t\t\tGesicherter Eingang zu einem Treppenturm\t\t\t\t\t\t\t\t<\/div>\n\t\t\t\t\t\t\t\t\t\t\t\t<\/div>\n\t\t\t\t\t\t\t\t\t<\/a>\n\t\t\t\t\t\t\t<a class=\"e-gallery-item elementor-gallery-item elementor-animated-content\" href=\"https:\/\/www.samiez.de\/wp-content\/uploads\/2023\/09\/Treppenturm-4.jpg\" data-elementor-open-lightbox=\"yes\" data-elementor-lightbox-slideshow=\"2515272\" data-elementor-lightbox-title=\"Treppenturm 4\" data-elementor-lightbox-description=\"Treppenturm zum Dach eines Rohbaus \" data-e-action-hash=\"#elementor-action%3Aaction%3Dlightbox%26settings%3DeyJpZCI6Mjk3MSwidXJsIjoiaHR0cHM6XC9cL3d3dy5zYW1pZXouZGVcL3dwLWNvbnRlbnRcL3VwbG9hZHNcLzIwMjNcLzA5XC9UcmVwcGVudHVybS00LmpwZyIsInNsaWRlc2hvdyI6IjI1MTUyNzIifQ%3D%3D\">\n\t\t\t\t\t<div class=\"e-gallery-image elementor-gallery-item__image\" data-thumbnail=\"https:\/\/www.samiez.de\/wp-content\/uploads\/2023\/09\/Treppenturm-4.jpg\" data-width=\"1500\" data-height=\"2400\" aria-label=\"Treppenturm zum Dach eines Rohbaus\" role=\"img\" ><\/div>\n\t\t\t\t\t\t\t\t\t\t\t<div class=\"elementor-gallery-item__overlay\"><\/div>\n\t\t\t\t\t\t\t\t\t\t\t\t\t\t\t<div class=\"elementor-gallery-item__content\">\n\t\t\t\t\t\t\t\t\t\t\t\t\t\t<div class=\"elementor-gallery-item__title\">\n\t\t\t\t\t\t\t\t\t\t\t\t\t\t\t\t\t\tTreppenturm 4\t\t\t\t\t\t\t\t<\/div>\n\t\t\t\t\t\t\t\t\t\t\t\t\t\t\t<div class=\"elementor-gallery-item__description\">\n\t\t\t\t\t\t\t\t\t\t\t\t\t\t\t\t\t\tTreppenturm zum Dach eines Rohbaus\t\t\t\t\t\t\t\t<\/div>\n\t\t\t\t\t\t\t\t\t\t\t\t<\/div>\n\t\t\t\t\t\t\t\t\t<\/a>\n\t\t\t\t\t\t\t<a class=\"e-gallery-item elementor-gallery-item elementor-animated-content\" href=\"https:\/\/www.samiez.de\/wp-content\/uploads\/2023\/09\/Treppenturm-3.jpg\" data-elementor-open-lightbox=\"yes\" data-elementor-lightbox-slideshow=\"2515272\" data-elementor-lightbox-title=\"Treppenturm Baustelle Rohbau\" data-elementor-lightbox-description=\"Treppenturm zum Dach eines Rohbaus \" data-e-action-hash=\"#elementor-action%3Aaction%3Dlightbox%26settings%3DeyJpZCI6Mjk3MCwidXJsIjoiaHR0cHM6XC9cL3d3dy5zYW1pZXouZGVcL3dwLWNvbnRlbnRcL3VwbG9hZHNcLzIwMjNcLzA5XC9UcmVwcGVudHVybS0zLmpwZyIsInNsaWRlc2hvdyI6IjI1MTUyNzIifQ%3D%3D\">\n\t\t\t\t\t<div class=\"e-gallery-image elementor-gallery-item__image\" data-thumbnail=\"https:\/\/www.samiez.de\/wp-content\/uploads\/2023\/09\/Treppenturm-3.jpg\" data-width=\"1500\" data-height=\"2400\" aria-label=\"Treppenturm zum Dach eines Rohbaus\" role=\"img\" ><\/div>\n\t\t\t\t\t\t\t\t\t\t\t<div class=\"elementor-gallery-item__overlay\"><\/div>\n\t\t\t\t\t\t\t\t\t\t\t\t\t\t\t<div class=\"elementor-gallery-item__content\">\n\t\t\t\t\t\t\t\t\t\t\t\t\t\t<div class=\"elementor-gallery-item__title\">\n\t\t\t\t\t\t\t\t\t\t\t\t\t\t\t\t\t\tTreppenturm Baustelle Rohbau\t\t\t\t\t\t\t\t<\/div>\n\t\t\t\t\t\t\t\t\t\t\t\t\t\t\t<div class=\"elementor-gallery-item__description\">\n\t\t\t\t\t\t\t\t\t\t\t\t\t\t\t\t\t\tTreppenturm zum Dach eines Rohbaus\t\t\t\t\t\t\t\t<\/div>\n\t\t\t\t\t\t\t\t\t\t\t\t<\/div>\n\t\t\t\t\t\t\t\t\t<\/a>\n\t\t\t\t\t\t\t<a class=\"e-gallery-item elementor-gallery-item elementor-animated-content\" href=\"https:\/\/www.samiez.de\/wp-content\/uploads\/2023\/09\/Treppenturm-1-jpg.webp\" data-elementor-open-lightbox=\"yes\" data-elementor-lightbox-slideshow=\"2515272\" data-elementor-lightbox-title=\"Treppenturm\" data-elementor-lightbox-description=\"Treppenturm zum Aufstieg f\u00fcr Dacharbeiten \" data-e-action-hash=\"#elementor-action%3Aaction%3Dlightbox%26settings%3DeyJpZCI6Mjk2OCwidXJsIjoiaHR0cHM6XC9cL3d3dy5zYW1pZXouZGVcL3dwLWNvbnRlbnRcL3VwbG9hZHNcLzIwMjNcLzA5XC9UcmVwcGVudHVybS0xLWpwZy53ZWJwIiwic2xpZGVzaG93IjoiMjUxNTI3MiJ9\">\n\t\t\t\t\t<div class=\"e-gallery-image elementor-gallery-item__image\" data-thumbnail=\"https:\/\/www.samiez.de\/wp-content\/uploads\/2023\/09\/Treppenturm-1-jpg.webp\" data-width=\"1200\" data-height=\"1600\" aria-label=\"Treppenturm zum Aufstieg f\u00fcr Dacharbeiten\" role=\"img\" ><\/div>\n\t\t\t\t\t\t\t\t\t\t\t<div class=\"elementor-gallery-item__overlay\"><\/div>\n\t\t\t\t\t\t\t\t\t\t\t\t\t\t\t<div class=\"elementor-gallery-item__content\">\n\t\t\t\t\t\t\t\t\t\t\t\t\t\t<div class=\"elementor-gallery-item__title\">\n\t\t\t\t\t\t\t\t\t\t\t\t\t\t\t\t\t\tTreppenturm\t\t\t\t\t\t\t\t<\/div>\n\t\t\t\t\t\t\t\t\t\t\t\t\t\t\t<div class=\"elementor-gallery-item__description\">\n\t\t\t\t\t\t\t\t\t\t\t\t\t\t\t\t\t\tTreppenturm zum Aufstieg f\u00fcr Dacharbeiten\t\t\t\t\t\t\t\t<\/div>\n\t\t\t\t\t\t\t\t\t\t\t\t<\/div>\n\t\t\t\t\t\t\t\t\t<\/a>\n\t\t\t\t\t\t\t<a class=\"e-gallery-item elementor-gallery-item elementor-animated-content\" href=\"https:\/\/www.samiez.de\/wp-content\/uploads\/2023\/09\/Treppenturm-2-jpg.webp\" data-elementor-open-lightbox=\"yes\" data-elementor-lightbox-slideshow=\"2515272\" data-elementor-lightbox-title=\"Treppenturm  bei Brandschadenger\u00fcst\" data-elementor-lightbox-description=\"Treppenturm im Brandschadenger\u00fcst \" data-e-action-hash=\"#elementor-action%3Aaction%3Dlightbox%26settings%3DeyJpZCI6Mjk2OSwidXJsIjoiaHR0cHM6XC9cL3d3dy5zYW1pZXouZGVcL3dwLWNvbnRlbnRcL3VwbG9hZHNcLzIwMjNcLzA5XC9UcmVwcGVudHVybS0yLWpwZy53ZWJwIiwic2xpZGVzaG93IjoiMjUxNTI3MiJ9\">\n\t\t\t\t\t<div class=\"e-gallery-image elementor-gallery-item__image\" data-thumbnail=\"https:\/\/www.samiez.de\/wp-content\/uploads\/2023\/09\/Treppenturm-2-jpg.webp\" data-width=\"747\" data-height=\"1328\" aria-label=\"Treppenturm im Brandschadenger\u00fcst\" role=\"img\" ><\/div>\n\t\t\t\t\t\t\t\t\t\t\t<div class=\"elementor-gallery-item__overlay\"><\/div>\n\t\t\t\t\t\t\t\t\t\t\t\t\t\t\t<div class=\"elementor-gallery-item__content\">\n\t\t\t\t\t\t\t\t\t\t\t\t\t\t<div class=\"elementor-gallery-item__title\">\n\t\t\t\t\t\t\t\t\t\t\t\t\t\t\t\t\t\tTreppenturm  bei Brandschadenger\u00fcst\t\t\t\t\t\t\t\t<\/div>\n\t\t\t\t\t\t\t\t\t\t\t\t\t\t\t<div class=\"elementor-gallery-item__description\">\n\t\t\t\t\t\t\t\t\t\t\t\t\t\t\t\t\t\tTreppenturm im Brandschadenger\u00fcst\t\t\t\t\t\t\t\t<\/div>\n\t\t\t\t\t\t\t\t\t\t\t\t<\/div>\n\t\t\t\t\t\t\t\t\t<\/a>\n\t\t\t\t\t\t\t<a class=\"e-gallery-item elementor-gallery-item elementor-animated-content\" href=\"https:\/\/www.samiez.de\/wp-content\/uploads\/2023\/09\/Treppenturm-Grundschule-Kestlerstrasse-1-jpg.webp\" data-elementor-open-lightbox=\"yes\" data-elementor-lightbox-slideshow=\"2515272\" data-elementor-lightbox-title=\"Treppenturm Grundschule Kestlerstra\u00dfe\" data-elementor-lightbox-description=\"Treppenturm als Notauf-und abstieg an einer Grundschule\" data-e-action-hash=\"#elementor-action%3Aaction%3Dlightbox%26settings%3DeyJpZCI6Mjk3OCwidXJsIjoiaHR0cHM6XC9cL3d3dy5zYW1pZXouZGVcL3dwLWNvbnRlbnRcL3VwbG9hZHNcLzIwMjNcLzA5XC9UcmVwcGVudHVybS1HcnVuZHNjaHVsZS1LZXN0bGVyc3RyYXNzZS0xLWpwZy53ZWJwIiwic2xpZGVzaG93IjoiMjUxNTI3MiJ9\">\n\t\t\t\t\t<div class=\"e-gallery-image elementor-gallery-item__image\" data-thumbnail=\"https:\/\/www.samiez.de\/wp-content\/uploads\/2023\/09\/Treppenturm-Grundschule-Kestlerstrasse-1-jpg.webp\" data-width=\"1488\" data-height=\"1984\" aria-label=\"Treppenturm als Notauf-und abstieg an einer Grundschule\" role=\"img\" ><\/div>\n\t\t\t\t\t\t\t\t\t\t\t<div class=\"elementor-gallery-item__overlay\"><\/div>\n\t\t\t\t\t\t\t\t\t\t\t\t\t\t\t<div class=\"elementor-gallery-item__content\">\n\t\t\t\t\t\t\t\t\t\t\t\t\t\t<div class=\"elementor-gallery-item__title\">\n\t\t\t\t\t\t\t\t\t\t\t\t\t\t\t\t\t\tTreppenturm Grundschule Kestlerstra\u00dfe\t\t\t\t\t\t\t\t<\/div>\n\t\t\t\t\t\t\t\t\t\t\t\t\t\t\t<div class=\"elementor-gallery-item__description\">\n\t\t\t\t\t\t\t\t\t\t\t\t\t\t\t\t\t\tTreppenturm als Notauf-und abstieg an einer Grundschule\t\t\t\t\t\t\t\t<\/div>\n\t\t\t\t\t\t\t\t\t\t\t\t<\/div>\n\t\t\t\t\t\t\t\t\t<\/a>\n\t\t\t\t\t<\/div>\n\t\t\t\t\t<\/div>\n\t\t\t\t<\/div>\n\t\t\t\t\t<\/div>\n\t\t\t\t<\/div>\n\t\t\t\t<\/div>\n\t\t","protected":false},"excerpt":{"rendered":"<p>Treppenger\u00fcst Sicheres Aufsteigenmit Ger\u00fcsttreppen Treppent\u00fcrme im Ger\u00fcstbau, sorgen f\u00fcr einen sicheren Zugang auf jede H\u00f6he. Kontakt sicher und einfach nach oben Treppent\u00fcrme f\u00fcr den sicheren Zugang in die H\u00f6he Neben einem sicheren Aufstieg in alle Stockwerke eines Bauwerks, sind Treppent\u00fcrme auch die beste Alterantive f\u00fcr ein Ersatztreppenhaus im Sanierungsfall.\u00a0 Referenzen Ger\u00fcstebaul\u00f6sungen f\u00fcr Treppent\u00fcrme \u00dcberzeugen Sie [&hellip;]<\/p>\n","protected":false},"author":5,"featured_media":0,"parent":0,"menu_order":0,"comment_status":"closed","ping_status":"closed","template":"","meta":{"footnotes":""},"class_list":["post-1034","page","type-page","status-publish","hentry"],"_links":{"self":[{"href":"https:\/\/www.samiez.de\/geruestbau\/wp-json\/wp\/v2\/pages\/1034","targetHints":{"allow":["GET"]}}],"collection":[{"href":"https:\/\/www.samiez.de\/geruestbau\/wp-json\/wp\/v2\/pages"}],"about":[{"href":"https:\/\/www.samiez.de\/geruestbau\/wp-json\/wp\/v2\/types\/page"}],"author":[{"embeddable":true,"href":"https:\/\/www.samiez.de\/geruestbau\/wp-json\/wp\/v2\/users\/5"}],"replies":[{"embeddable":true,"href":"https:\/\/www.samiez.de\/geruestbau\/wp-json\/wp\/v2\/comments?post=1034"}],"version-history":[{"count":10,"href":"https:\/\/www.samiez.de\/geruestbau\/wp-json\/wp\/v2\/pages\/1034\/revisions"}],"predecessor-version":[{"id":7757,"href":"https:\/\/www.samiez.de\/geruestbau\/wp-json\/wp\/v2\/pages\/1034\/revisions\/7757"}],"wp:attachment":[{"href":"https:\/\/www.samiez.de\/geruestbau\/wp-json\/wp\/v2\/media?parent=1034"}],"curies":[{"name":"wp","href":"https:\/\/api.w.org\/{rel}","templated":true}]}}