{"id":1002,"date":"2023-04-15T23:31:01","date_gmt":"2023-04-15T21:31:01","guid":{"rendered":"http:\/\/samiez.de\/?page_id=1002"},"modified":"2025-04-28T11:57:06","modified_gmt":"2025-04-28T09:57:06","slug":"rollgerueste","status":"publish","type":"page","link":"https:\/\/www.samiez.de\/geruestbau\/rollgerueste\/","title":{"rendered":"Rollger\u00fcste"},"content":{"rendered":"\t\t<div data-elementor-type=\"wp-page\" data-elementor-id=\"1002\" class=\"elementor elementor-1002\" data-elementor-post-type=\"page\">\n\t\t\t\t<div class=\"elementor-element elementor-element-52d424f e-flex e-con-boxed e-con e-parent\" data-id=\"52d424f\" data-element_type=\"container\" data-e-type=\"container\" data-settings=\"{&quot;background_background&quot;:&quot;classic&quot;}\">\n\t\t\t\t\t<div class=\"e-con-inner\">\n\t\t<div class=\"elementor-element elementor-element-1c9fafc e-con-full e-flex e-con e-child\" data-id=\"1c9fafc\" data-element_type=\"container\" data-e-type=\"container\">\n\t\t\t\t<div class=\"elementor-element elementor-element-fdad172 elementor-widget__width-initial elementor-widget elementor-widget-spacer\" data-id=\"fdad172\" data-element_type=\"widget\" data-e-type=\"widget\" data-widget_type=\"spacer.default\">\n\t\t\t\t\t\t\t<div class=\"elementor-spacer\">\n\t\t\t<div class=\"elementor-spacer-inner\"><\/div>\n\t\t<\/div>\n\t\t\t\t\t\t<\/div>\n\t\t\t\t<div class=\"elementor-element elementor-element-1a584aa elementor-widget elementor-widget-heading\" data-id=\"1a584aa\" data-element_type=\"widget\" data-e-type=\"widget\" data-widget_type=\"heading.default\">\n\t\t\t\t\t<h3 class=\"elementor-heading-title elementor-size-default\">FAHRGER\u00dcSTE<\/h3>\t\t\t\t<\/div>\n\t\t\t\t<div class=\"elementor-element elementor-element-6a86fad elementor-widget__width-initial elementor-widget elementor-widget-heading\" data-id=\"6a86fad\" data-element_type=\"widget\" data-e-type=\"widget\" data-widget_type=\"heading.default\">\n\t\t\t\t\t<h1 class=\"elementor-heading-title elementor-size-default\"><b>Mobiler H\u00f6henzugang<\/b><\/p> mit Rollger\u00fcsten<\/h1>\t\t\t\t<\/div>\n\t\t\t\t<div class=\"elementor-element elementor-element-47feac6 elementor-widget__width-initial elementor-widget elementor-widget-text-editor\" data-id=\"47feac6\" data-element_type=\"widget\" data-e-type=\"widget\" data-widget_type=\"text-editor.default\">\n\t\t\t\t\t\t\t\t\t<p>Rollger\u00fcste oder auch Fahrger\u00fcste werden in verschiedenen Branchen und Anwendungsbereichen eingesetzt, in denen ein tempor\u00e4rer, mobiler Zugang in der H\u00f6he oder f\u00fcr \u00dcberkopfarbeiten erforderlich ist.<\/p>\t\t\t\t\t\t\t\t<\/div>\n\t\t\t\t<div class=\"elementor-element elementor-element-d99b6be elementor-widget__width-initial elementor-widget elementor-widget-button\" data-id=\"d99b6be\" data-element_type=\"widget\" data-e-type=\"widget\" data-widget_type=\"button.default\">\n\t\t\t\t\t\t\t\t\t\t<a class=\"elementor-button elementor-button-link elementor-size-sm\" href=\"#kontakt\">\n\t\t\t\t\t\t<span class=\"elementor-button-content-wrapper\">\n\t\t\t\t\t\t\t\t\t<span class=\"elementor-button-text\">Kontakt<\/span>\n\t\t\t\t\t<\/span>\n\t\t\t\t\t<\/a>\n\t\t\t\t\t\t\t\t<\/div>\n\t\t\t\t<\/div>\n\t\t\t\t\t<\/div>\n\t\t\t\t<\/div>\n\t\t<div class=\"elementor-element elementor-element-1e27dbc e-con-full e-flex e-con e-parent\" data-id=\"1e27dbc\" data-element_type=\"container\" data-e-type=\"container\">\n\t\t\t\t<div class=\"elementor-element elementor-element-f27432e elementor-widget elementor-widget-shortcode\" data-id=\"f27432e\" data-element_type=\"widget\" data-e-type=\"widget\" data-widget_type=\"shortcode.default\">\n\t\t\t\t\t\t\t<div class=\"elementor-shortcode\">\t\t<div data-elementor-type=\"container\" data-elementor-id=\"7187\" class=\"elementor elementor-7187\" data-elementor-post-type=\"elementor_library\">\n\t\t\t\t<div class=\"elementor-element elementor-element-2e711f4b e-con-full e-flex e-con e-parent\" data-id=\"2e711f4b\" data-element_type=\"container\" data-e-type=\"container\" data-settings=\"{&quot;background_background&quot;:&quot;gradient&quot;}\">\n\t\t<div class=\"elementor-element elementor-element-6c52b8de e-con-full e-flex e-con e-child\" data-id=\"6c52b8de\" data-element_type=\"container\" data-e-type=\"container\">\n\t\t\t\t<div class=\"elementor-element elementor-element-4175f201 elementor-view-framed elementor-shape-square elementor-position-inline-start elementor-mobile-position-inline-start elementor-tablet-position-block-start elementor-widget__width-initial elementor-widget-tablet__width-initial elementor-widget elementor-widget-icon-box\" data-id=\"4175f201\" data-element_type=\"widget\" data-e-type=\"widget\" data-widget_type=\"icon-box.default\">\n\t\t\t\t\t\t\t<div class=\"elementor-icon-box-wrapper\">\n\n\t\t\t\t\t\t<div class=\"elementor-icon-box-icon\">\n\t\t\t\t<a href=\"mailto:info@samiez.de\" class=\"elementor-icon\" tabindex=\"-1\" aria-label=\"Email\">\n\t\t\t\t<i aria-hidden=\"true\" class=\"fas fa-envelope\"><\/i>\t\t\t\t<\/a>\n\t\t\t<\/div>\n\t\t\t\n\t\t\t\t\t\t<div class=\"elementor-icon-box-content\">\n\n\t\t\t\t\t\t\t\t\t<div class=\"elementor-icon-box-title\">\n\t\t\t\t\t\t<a href=\"mailto:info@samiez.de\" >\n\t\t\t\t\t\t\tEmail\t\t\t\t\t\t<\/a>\n\t\t\t\t\t<\/div>\n\t\t\t\t\n\t\t\t\t\t\t\t\t\t<p class=\"elementor-icon-box-description\">\n\t\t\t\t\t\tinfo@samiez.de\t\t\t\t\t<\/p>\n\t\t\t\t\n\t\t\t<\/div>\n\t\t\t\n\t\t<\/div>\n\t\t\t\t\t\t<\/div>\n\t\t\t\t<div class=\"elementor-element elementor-element-7612a77 elementor-view-framed elementor-shape-square elementor-position-inline-start elementor-mobile-position-inline-start elementor-tablet-position-block-start elementor-widget__width-initial elementor-widget-tablet__width-initial elementor-widget elementor-widget-icon-box\" data-id=\"7612a77\" data-element_type=\"widget\" data-e-type=\"widget\" data-widget_type=\"icon-box.default\">\n\t\t\t\t\t\t\t<div class=\"elementor-icon-box-wrapper\">\n\n\t\t\t\t\t\t<div class=\"elementor-icon-box-icon\">\n\t\t\t\t<a href=\"tel:0049511774414\" class=\"elementor-icon\" tabindex=\"-1\" aria-label=\"Anrufen\">\n\t\t\t\t<i aria-hidden=\"true\" class=\"fas fa-phone-square-alt\"><\/i>\t\t\t\t<\/a>\n\t\t\t<\/div>\n\t\t\t\n\t\t\t\t\t\t<div class=\"elementor-icon-box-content\">\n\n\t\t\t\t\t\t\t\t\t<div class=\"elementor-icon-box-title\">\n\t\t\t\t\t\t<a href=\"tel:0049511774414\" >\n\t\t\t\t\t\t\tAnrufen\t\t\t\t\t\t<\/a>\n\t\t\t\t\t<\/div>\n\t\t\t\t\n\t\t\t\t\t\t\t\t\t<p class=\"elementor-icon-box-description\">\n\t\t\t\t\t\t+49 511 77 44 14\t\t\t\t\t<\/p>\n\t\t\t\t\n\t\t\t<\/div>\n\t\t\t\n\t\t<\/div>\n\t\t\t\t\t\t<\/div>\n\t\t\t\t<div class=\"elementor-element elementor-element-2ea2fbfc elementor-view-framed elementor-shape-square elementor-position-inline-start elementor-mobile-position-inline-start elementor-tablet-position-block-start elementor-widget__width-initial elementor-widget-tablet__width-initial elementor-widget elementor-widget-icon-box\" data-id=\"2ea2fbfc\" data-element_type=\"widget\" data-e-type=\"widget\" data-widget_type=\"icon-box.default\">\n\t\t\t\t\t\t\t<div class=\"elementor-icon-box-wrapper\">\n\n\t\t\t\t\t\t<div class=\"elementor-icon-box-icon\">\n\t\t\t\t<a href=\"https:\/\/maps.app.goo.gl\/R5ozTnJyJJwgbfdF6\" class=\"elementor-icon\" tabindex=\"-1\" aria-label=\"OFFICE \/ HAUPTLAGER\" rel=\"nofollow noopener\" target=\"_blank\">\n\t\t\t\t<i aria-hidden=\"true\" class=\"fas fa-phone-square-alt\"><\/i>\t\t\t\t<\/a>\n\t\t\t<\/div>\n\t\t\t\n\t\t\t\t\t\t<div class=\"elementor-icon-box-content\">\n\n\t\t\t\t\t\t\t\t\t<div class=\"elementor-icon-box-title\">\n\t\t\t\t\t\t<a href=\"https:\/\/maps.app.goo.gl\/R5ozTnJyJJwgbfdF6\" rel=\"nofollow noopener\" target=\"_blank\">\n\t\t\t\t\t\t\tOFFICE \/ HAUPTLAGER\t\t\t\t\t\t<\/a>\n\t\t\t\t\t<\/div>\n\t\t\t\t\n\t\t\t\t\t\t\t\t\t<p class=\"elementor-icon-box-description\">\n\t\t\t\t\t\tBarbarastr. 12, 30952 Ronnenberg bei Hannover\t\t\t\t\t<\/p>\n\t\t\t\t\n\t\t\t<\/div>\n\t\t\t\n\t\t<\/div>\n\t\t\t\t\t\t<\/div>\n\t\t\t\t<\/div>\n\t\t\t\t<\/div>\n\t\t\t\t<\/div>\n\t\t<\/div>\n\t\t\t\t\t\t<\/div>\n\t\t\t\t<\/div>\n\t\t<div class=\"elementor-element elementor-element-a822c61 e-flex e-con-boxed e-con e-parent\" data-id=\"a822c61\" data-element_type=\"container\" data-e-type=\"container\">\n\t\t\t\t\t<div class=\"e-con-inner\">\n\t\t<div class=\"elementor-element elementor-element-85589b6 e-con-full e-flex e-con e-child\" data-id=\"85589b6\" data-element_type=\"container\" data-e-type=\"container\">\n\t\t\t\t<div class=\"elementor-element elementor-element-9b1f576 elementor-widget__width-initial elementor-widget elementor-widget-spacer\" data-id=\"9b1f576\" data-element_type=\"widget\" data-e-type=\"widget\" data-widget_type=\"spacer.default\">\n\t\t\t\t\t\t\t<div class=\"elementor-spacer\">\n\t\t\t<div class=\"elementor-spacer-inner\"><\/div>\n\t\t<\/div>\n\t\t\t\t\t\t<\/div>\n\t\t\t\t<div class=\"elementor-element elementor-element-28e1186 elementor-widget elementor-widget-heading\" data-id=\"28e1186\" data-element_type=\"widget\" data-e-type=\"widget\" data-widget_type=\"heading.default\">\n\t\t\t\t\t<h3 class=\"elementor-heading-title elementor-size-default\">MObil Flexibel Schnell <\/h3>\t\t\t\t<\/div>\n\t\t\t\t<div class=\"elementor-element elementor-element-2bea4f3 elementor-widget elementor-widget-heading\" data-id=\"2bea4f3\" data-element_type=\"widget\" data-e-type=\"widget\" data-widget_type=\"heading.default\">\n\t\t\t\t\t<h2 class=\"elementor-heading-title elementor-size-default\">In der H\u00f6he sicher und flexibel arbeiten<\/h2>\t\t\t\t<\/div>\n\t\t\t\t<div class=\"elementor-element elementor-element-8968e91 elementor-widget__width-initial elementor-widget elementor-widget-text-editor\" data-id=\"8968e91\" data-element_type=\"widget\" data-e-type=\"widget\" data-widget_type=\"text-editor.default\">\n\t\t\t\t\t\t\t\t\t<div class=\"flex flex-grow flex-col gap-3\"><div class=\"min-h-[20px] flex flex-col items-start gap-4 whitespace-pre-wrap break-words\"><div class=\"markdown prose w-full break-words dark:prose-invert dark\"><div class=\"flex flex-grow flex-col gap-3\"><div class=\"min-h-[20px] flex flex-col items-start gap-4 whitespace-pre-wrap break-words\"><div class=\"markdown prose w-full break-words dark:prose-invert dark\"><div class=\"flex flex-grow flex-col gap-3\"><div class=\"min-h-[20px] flex flex-col items-start gap-4 whitespace-pre-wrap break-words\"><div class=\"markdown prose w-full break-words dark:prose-invert dark\"><div class=\"flex-col gap-1 md:gap-3\"><div class=\"flex flex-grow flex-col max-w-full gap-3 gizmo:gap-0\"><div class=\"min-h-[20px] text-message peer flex flex-col items-start gap-3 whitespace-pre-wrap break-words peer-[.text-message]:mt-5 overflow-x-auto\" data-message-author-role=\"assistant\" data-message-id=\"5e966256-8a45-4345-8d99-ced4f591f78f\"><div class=\"markdown prose w-full break-words dark:prose-invert dark\"><p>Fahr- und Rollger\u00fcste sind vielseitige mobile Arbeitsplattformen, die Arbeiten in der H\u00f6he erleichtern. Diese bieten:<br \/><br \/><strong>Flexibilit\u00e4t:<\/strong> Durch Mobilit\u00e4t k\u00f6nnen sie schnell an den gew\u00fcnschten Ort bewegt werden, was effizientes Arbeiten erm\u00f6glicht, ohne st\u00e4ndiges Umpositionieren.<br \/><br \/><strong>Sicherheit:<\/strong> Stabile Ger\u00fcste mit Gel\u00e4ndern und Standfl\u00e4chen verhindern Abrutschen oder Herunterfallen und bieten eine sichere Arbeitsplattform in der H\u00f6he.<br \/><br \/><strong>Erreichbarkeit:<\/strong> Arbeiten an schwer zug\u00e4nglichen Stellen wie Decken, Fassaden oder D\u00e4chern werden durch Fahr- und Rollger\u00fcste erm\u00f6glicht.<br \/><br \/>In Hannover und Umland bieten wir einen unkomplizierten Verleihservice. Rufen Sie uns einfach an, um Ihre individuelle Verleih-Option zu besprechen. Nutzen Sie unsere hochwertigen und flexiblen Rollger\u00fcste f\u00fcr effiziente Bauprojekte. <a href=\"https:\/\/www.samiez.de\/kontakt\/\">Kontaktieren Sie uns jetzt!<\/a><\/p><\/div><\/div><\/div><\/div><\/div><\/div><\/div><\/div><\/div><\/div><\/div><\/div><\/div>\t\t\t\t\t\t\t\t<\/div>\n\t\t\t\t<\/div>\n\t\t<div class=\"elementor-element elementor-element-68d4dd9 e-con-full e-flex e-con e-child\" data-id=\"68d4dd9\" data-element_type=\"container\" data-e-type=\"container\" data-settings=\"{&quot;background_background&quot;:&quot;classic&quot;}\">\n\t\t\t\t<div class=\"elementor-element elementor-element-1f879bf elementor-widget elementor-widget-spacer\" data-id=\"1f879bf\" data-element_type=\"widget\" data-e-type=\"widget\" data-widget_type=\"spacer.default\">\n\t\t\t\t\t\t\t<div class=\"elementor-spacer\">\n\t\t\t<div class=\"elementor-spacer-inner\"><\/div>\n\t\t<\/div>\n\t\t\t\t\t\t<\/div>\n\t\t\t\t<\/div>\n\t\t\t\t\t<\/div>\n\t\t\t\t<\/div>\n\t\t\t\t<\/div>\n\t\t","protected":false},"excerpt":{"rendered":"<p>FAHRGER\u00dcSTE Mobiler H\u00f6henzugang mit Rollger\u00fcsten Rollger\u00fcste oder auch Fahrger\u00fcste werden in verschiedenen Branchen und Anwendungsbereichen eingesetzt, in denen ein tempor\u00e4rer, mobiler Zugang in der H\u00f6he oder f\u00fcr \u00dcberkopfarbeiten erforderlich ist. Kontakt MObil Flexibel Schnell In der H\u00f6he sicher und flexibel arbeiten Fahr- und Rollger\u00fcste sind vielseitige mobile Arbeitsplattformen, die Arbeiten in der H\u00f6he erleichtern. Diese [&hellip;]<\/p>\n","protected":false},"author":5,"featured_media":0,"parent":0,"menu_order":0,"comment_status":"closed","ping_status":"closed","template":"","meta":{"footnotes":""},"class_list":["post-1002","page","type-page","status-publish","hentry"],"_links":{"self":[{"href":"https:\/\/www.samiez.de\/geruestbau\/wp-json\/wp\/v2\/pages\/1002","targetHints":{"allow":["GET"]}}],"collection":[{"href":"https:\/\/www.samiez.de\/geruestbau\/wp-json\/wp\/v2\/pages"}],"about":[{"href":"https:\/\/www.samiez.de\/geruestbau\/wp-json\/wp\/v2\/types\/page"}],"author":[{"embeddable":true,"href":"https:\/\/www.samiez.de\/geruestbau\/wp-json\/wp\/v2\/users\/5"}],"replies":[{"embeddable":true,"href":"https:\/\/www.samiez.de\/geruestbau\/wp-json\/wp\/v2\/comments?post=1002"}],"version-history":[{"count":10,"href":"https:\/\/www.samiez.de\/geruestbau\/wp-json\/wp\/v2\/pages\/1002\/revisions"}],"predecessor-version":[{"id":7772,"href":"https:\/\/www.samiez.de\/geruestbau\/wp-json\/wp\/v2\/pages\/1002\/revisions\/7772"}],"wp:attachment":[{"href":"https:\/\/www.samiez.de\/geruestbau\/wp-json\/wp\/v2\/media?parent=1002"}],"curies":[{"name":"wp","href":"https:\/\/api.w.org\/{rel}","templated":true}]}}